{"id":3,"date":"2025-06-17T15:19:20","date_gmt":"2025-06-17T07:19:20","guid":{"rendered":"http:\/\/new.nblhplastic.com\/?page_id=3"},"modified":"2025-07-15T14:36:26","modified_gmt":"2025-07-15T06:36:26","slug":"politica-de-privacidade","status":"publish","type":"page","link":"https:\/\/www.chaoheplastic.com\/pt\/politica-de-privacidade","title":{"rendered":"pol\u00edtica de privacidade"},"content":{"rendered":"<h1 class=\"ace-line heading-h1 wp-block-heading\" dir=\"auto\" style=\"text-align: center;\" data-node=\"true\"><strong><span class=\"lb\">Declara\u00e7\u00e3o de pol\u00edtica de privacidade do s\u00edtio Web da empresa<\/span><\/strong><span data-string=\"true\" data-enter=\"true\" data-leaf=\"true\">\u200b<\/span><\/h1>\r\n<div dir=\"auto\" data-node=\"true\">\u00a0<\/div>\r\n<div class=\"ace-line\" dir=\"auto\" data-node=\"true\"><span data-leaf=\"true\"><span class=\"lb\">A Ningbo Chaohe Plastic Co., Ltd (a seguir designada por \"n\u00f3s\") compromete-se a proteger a privacidade do utilizador e a manter a seguran\u00e7a das informa\u00e7\u00f5es do utilizador. A fim de clarificar as regras de recolha e utiliza\u00e7\u00e3o de informa\u00e7\u00f5es, esta pol\u00edtica \u00e9 formulada para sua compreens\u00e3o e escolha.<\/span><\/span><\/div>\r\n<div class=\"ace-line\" dir=\"auto\" data-node=\"true\"><span data-string=\"true\" data-enter=\"true\" data-leaf=\"true\">\u200b<\/span><\/div>\r\n<div class=\"ace-line heading-h2\" dir=\"auto\" data-node=\"true\"><strong><span class=\"lb\">I. \u00c2mbito de aplica\u00e7\u00e3o<\/span><\/strong><span data-string=\"true\" data-enter=\"true\" data-leaf=\"true\">\u200b<\/span><\/div>\r\n<div class=\"ace-line\" dir=\"auto\" data-node=\"true\"><span data-leaf=\"true\"><span class=\"lb\">Esta pol\u00edtica aplica-se a todos os utilizadores que visitam o nosso s\u00edtio Web, incluindo, mas n\u00e3o se limitando a, navega\u00e7\u00e3o de informa\u00e7\u00f5es, apresenta\u00e7\u00e3o de pedidos de informa\u00e7\u00e3o e registo de membros. Se o utilizador utilizar liga\u00e7\u00f5es de terceiros para aceder a outras plataformas, as respectivas pol\u00edticas de privacidade s\u00e3o definidas separadamente.<\/span><\/span><\/div>\r\n<div class=\"ace-line\" dir=\"auto\" data-node=\"true\"><span data-string=\"true\" data-enter=\"true\" data-leaf=\"true\">\u200b<\/span><\/div>\r\n<div class=\"ace-line heading-h2\" dir=\"auto\" data-node=\"true\"><strong><span class=\"lb\">II. recolha de informa\u00e7\u00f5es<\/span><\/strong><span data-string=\"true\" data-enter=\"true\" data-leaf=\"true\">\u200b<\/span><\/div>\r\n<div class=\"ace-line\" dir=\"auto\" data-node=\"true\"><span data-leaf=\"true\"><span class=\"lb\">As informa\u00e7\u00f5es que recolhemos incluem:<\/span><\/span><\/div>\r\n<ul>\r\n<li class=\"ace-line\" dir=\"auto\" data-node=\"true\"><span data-leaf=\"true\"><span class=\"lb\">1. informa\u00e7\u00f5es de contacto, tais como nome, n\u00famero de telefone, endere\u00e7o de correio eletr\u00f3nico, etc., que forneceu voluntariamente;<\/span><\/span><\/li>\r\n<li class=\"ace-line\" dir=\"auto\" data-node=\"true\"><span data-leaf=\"true\"><span class=\"lb\">2. dados de utiliza\u00e7\u00e3o do s\u00edtio Web, tais como p\u00e1ginas visitadas, dura\u00e7\u00e3o da estadia, etc;<\/span><\/span><\/li>\r\n<li class=\"ace-line\" dir=\"auto\" data-node=\"true\"><span data-leaf=\"true\"><span class=\"lb\">3. informa\u00e7\u00f5es sobre o dispositivo, como o endere\u00e7o IP, o tipo de browser, etc.<\/span><\/span><\/li>\r\n<\/ul>\r\n<p><span data-leaf=\"true\"><span class=\"lb\">As informa\u00e7\u00f5es acima referidas destinam-se apenas \u00e0 comunica\u00e7\u00e3o comercial e \u00e0 otimiza\u00e7\u00e3o de servi\u00e7os.<\/span><\/span><\/p>\r\n<div class=\"ace-line\" dir=\"auto\" data-node=\"true\"><span data-string=\"true\" data-enter=\"true\" data-leaf=\"true\">\u200b<\/span><\/div>\r\n<div class=\"ace-line heading-h2\" dir=\"auto\" data-node=\"true\"><strong><span class=\"lb\">III Utiliza\u00e7\u00e3o das informa\u00e7\u00f5es<\/span><\/strong><span data-string=\"true\" data-enter=\"true\" data-leaf=\"true\">\u200b<\/span><\/div>\r\n<div class=\"ace-line\" dir=\"auto\" data-node=\"true\"><span data-leaf=\"true\"><span class=\"lb\">As informa\u00e7\u00f5es recolhidas ser\u00e3o utilizadas:<\/span><\/span><\/div>\r\n<ul>\r\n<li class=\"ace-line\" dir=\"auto\" data-node=\"true\"><span data-leaf=\"true\"><span class=\"lb\">1. responder \u00e0s suas perguntas e necessidades;<\/span><\/span><\/li>\r\n<li class=\"ace-line\" dir=\"auto\" data-node=\"true\"><span data-leaf=\"true\"><span class=\"lb\">2. fornecer recomenda\u00e7\u00f5es de servi\u00e7os personalizados;<\/span><\/span><\/li>\r\n<li class=\"ace-line\" dir=\"auto\" data-node=\"true\"><span data-leaf=\"true\"><span class=\"lb\">3) Melhoria da funcionalidade do s\u00edtio Web e da experi\u00eancia do utilizador;<\/span><\/span><\/li>\r\n<li class=\"ace-line\" dir=\"auto\" data-node=\"true\"><span data-leaf=\"true\"><span class=\"lb\">4. enviar notifica\u00e7\u00f5es comerciais (pode anular a subscri\u00e7\u00e3o em qualquer altura).<\/span><\/span><\/li>\r\n<\/ul>\r\n<p><span data-leaf=\"true\"><span class=\"lb\">Nunca utilizar para qualquer outro fim sem autoriza\u00e7\u00e3o.<\/span><\/span><\/p>\r\n<div class=\"ace-line\" dir=\"auto\" data-node=\"true\"><span data-string=\"true\" data-enter=\"true\" data-leaf=\"true\">\u200b<\/span><\/div>\r\n<div class=\"ace-line heading-h2\" dir=\"auto\" data-node=\"true\"><strong><span class=\"lb\">IV Prote\u00e7\u00e3o da informa\u00e7\u00e3o<\/span><\/strong><span data-string=\"true\" data-enter=\"true\" data-leaf=\"true\">\u200b<\/span><\/div>\r\n<div class=\"ace-line\" dir=\"auto\" data-node=\"true\"><span data-leaf=\"true\"><span class=\"lb\">Utilizamos v\u00e1rias medidas de seguran\u00e7a para proteger as informa\u00e7\u00f5es:<\/span><\/span><\/div>\r\n<ul>\r\n<li class=\"ace-line\" dir=\"auto\" data-node=\"true\"><span data-leaf=\"true\"><span class=\"lb\">1) T\u00e9cnicas de cifragem para a transmiss\u00e3o de dados;<\/span><\/span><\/li>\r\n<li class=\"ace-line\" dir=\"auto\" data-node=\"true\"><span data-leaf=\"true\"><span class=\"lb\">2. gest\u00e3o hier\u00e1rquica da autoridade;<\/span><\/span><\/li>\r\n<li class=\"ace-line\" dir=\"auto\" data-node=\"true\"><span data-leaf=\"true\"><span class=\"lb\">3. auditorias peri\u00f3dicas de seguran\u00e7a.<\/span><\/span><\/li>\r\n<li class=\"ace-line\" dir=\"auto\" data-node=\"true\"><span data-leaf=\"true\"><span class=\"lb\">Os funcion\u00e1rios s\u00e3o obrigados a assinar um acordo de confidencialidade e ser\u00e3o responsabilizados por viola\u00e7\u00f5es.<\/span><\/span><\/li>\r\n<\/ul>\r\n<div class=\"ace-line\" dir=\"auto\" data-node=\"true\"><span data-string=\"true\" data-enter=\"true\" data-leaf=\"true\">\u200b<\/span><\/div>\r\n<div class=\"ace-line heading-h2\" dir=\"auto\" data-node=\"true\"><strong><span class=\"lb\">V. Partilha de informa\u00e7\u00f5es<\/span><\/strong><span data-string=\"true\" data-enter=\"true\" data-leaf=\"true\">\u200b<\/span><\/div>\r\n<div class=\"ace-line\" dir=\"auto\" data-node=\"true\"><span data-leaf=\"true\"><span class=\"lb\">As suas informa\u00e7\u00f5es nunca ser\u00e3o divulgadas a terceiros, exceto nas seguintes circunst\u00e2ncias:<\/span><\/span><\/div>\r\n<ul>\r\n<li class=\"ace-line\" dir=\"auto\" data-node=\"true\"><span data-leaf=\"true\"><span class=\"lb\">1) Obter a sua autoriza\u00e7\u00e3o expressa;<\/span><\/span><\/li>\r\n<li class=\"ace-line\" dir=\"auto\" data-node=\"true\"><span data-leaf=\"true\"><span class=\"lb\">2. em conformidade com as leis e regulamentos ou a pedido das autoridades administrativas ou judiciais;<\/span><\/span><\/li>\r\n<li class=\"ace-line\" dir=\"auto\" data-node=\"true\"><span data-leaf=\"true\"><span class=\"lb\">3. prote\u00e7\u00e3o dos interesses leg\u00edtimos da empresa ou do interesse p\u00fablico.<\/span><\/span><\/li>\r\n<\/ul>\r\n<div class=\"ace-line\" dir=\"auto\" data-node=\"true\"><span data-string=\"true\" data-enter=\"true\" data-leaf=\"true\">\u200b<\/span><\/div>\r\n<div class=\"ace-line heading-h2\" dir=\"auto\" data-node=\"true\"><strong><span class=\"lb\">VI Direitos dos utilizadores<\/span><\/strong><span data-string=\"true\" data-enter=\"true\" data-leaf=\"true\">\u200b<\/span><\/div>\r\n<div class=\"ace-line\" dir=\"auto\" data-node=\"true\"><span data-leaf=\"true\"><span class=\"lb\">A lei confere-lhe os seguintes direitos:<\/span><\/span><\/div>\r\n<ul>\r\n<li class=\"ace-line\" dir=\"auto\" data-node=\"true\"><span data-leaf=\"true\"><span class=\"lb\">1) Acesso a informa\u00e7\u00f5es de car\u00e1cter pessoal;<\/span><\/span><\/li>\r\n<li class=\"ace-line\" dir=\"auto\" data-node=\"true\"><span data-leaf=\"true\"><span class=\"lb\">2) Pedido de corre\u00e7\u00e3o de informa\u00e7\u00f5es erradas;<\/span><\/span><\/li>\r\n<li class=\"ace-line\" dir=\"auto\" data-node=\"true\"><span data-leaf=\"true\"><span class=\"lb\">3. pedido de supress\u00e3o de informa\u00e7\u00f5es redundantes;<\/span><\/span><\/li>\r\n<li class=\"ace-line\" dir=\"auto\" data-node=\"true\"><span data-leaf=\"true\"><span class=\"lb\">4) Retirada da autoriza\u00e7\u00e3o de utiliza\u00e7\u00e3o das informa\u00e7\u00f5es.<\/span><\/span><\/li>\r\n<\/ul>\r\n<div class=\"ace-line\" dir=\"auto\" data-node=\"true\"><span data-leaf=\"true\"><span class=\"lb\">O exerc\u00edcio dos direitos pode ser apresentado atrav\u00e9s do canal \"Contacte-nos\" no s\u00edtio Web oficial.<\/span><\/span><\/div>\r\n<div class=\"ace-line\" dir=\"auto\" data-node=\"true\"><strong>\u200b<\/strong><\/div>\r\n<div class=\"ace-line heading-h2\" dir=\"auto\" data-node=\"true\"><strong><span class=\"lb\">VII Actualiza\u00e7\u00f5es das pol\u00edticas<\/span><\/strong><span data-string=\"true\" data-enter=\"true\" data-leaf=\"true\">\u200b<\/span><\/div>\r\n<div class=\"ace-line\" dir=\"auto\" data-node=\"true\"><span data-leaf=\"true\"><span class=\"lb\">Esta pol\u00edtica ser\u00e1 ajustada de acordo com as altera\u00e7\u00f5es regulamentares e comerciais e ser\u00e1 publicada na p\u00e1gina inicial do s\u00edtio Web oficial ap\u00f3s a atualiza\u00e7\u00e3o, entrando em vigor ap\u00f3s 7 dias de publicidade. Recomendamos que reveja esta pol\u00edtica regularmente e a utiliza\u00e7\u00e3o continuada da mesma \u00e9 considerada como aprova\u00e7\u00e3o das actualiza\u00e7\u00f5es.<\/span><\/span><\/div>\r\n<div class=\"ace-line\" dir=\"auto\" data-node=\"true\"><span data-string=\"true\" data-enter=\"true\" data-leaf=\"true\">\u200b<\/span><\/div>\r\n<div class=\"ace-line heading-h2\" dir=\"auto\" data-node=\"true\"><strong><span class=\"lb\">VIII. informa\u00e7\u00f5es de contacto<\/span><\/strong><span data-string=\"true\" data-enter=\"true\" data-leaf=\"true\">\u200b<\/span><\/div>\r\n<div class=\"ace-line\" dir=\"auto\" data-node=\"true\"><span data-leaf=\"true\"><span class=\"lb\">Se tiver d\u00favidas sobre esta pol\u00edtica, pode contactar o seguinte:<\/span><\/span><span data-string=\"true\" data-enter=\"true\" data-leaf=\"true\">\u200b<\/span><\/div>\r\n<div class=\"ace-line list-div\" dir=\"auto\" data-node=\"true\">\r\n<ul class=\"list-bullet1 r-list r-list-bullet\">\r\n<li><span data-leaf=\"true\"><span class=\"lb\">Tel: +86-574-88303209<\/span><\/span><span data-string=\"true\" data-enter=\"true\" data-leaf=\"true\">\u200b<\/span><\/li>\r\n<\/ul>\r\n<\/div>\r\n<div class=\"ace-line list-div\" dir=\"auto\" data-node=\"true\">\r\n<ul class=\"list-bullet1 r-list r-list-bullet\">\r\n<li><span data-leaf=\"true\"><span class=\"lb\">Correio eletr\u00f3nico: zhangq@linheplastic.com<\/span><\/span><span data-string=\"true\" data-enter=\"true\" data-leaf=\"true\">\u200b<\/span><\/li>\r\n<\/ul>\r\n<\/div>\r\n<div class=\"ace-line list-div\" dir=\"auto\" data-node=\"true\">\r\n<ul class=\"list-bullet1 r-list r-list-bullet\">\r\n<li><span data-leaf=\"true\"><span class=\"lb\">Endere\u00e7o: Room 1601, Lei Mengde Building, No.10, Lane 818, Qian Henan Road, Yinzhou District, Ningbo, Zhejiang, China.<\/span><\/span><span data-string=\"true\" data-enter=\"true\" data-leaf=\"true\">\u200b<\/span><\/li>\r\n<\/ul>\r\n<\/div>\r\n<div class=\"ace-line\" dir=\"auto\" data-node=\"true\"><span data-leaf=\"true\"><span class=\"lb\">Entrada em vigor: 1 de janeiro de 2025<\/span><\/span><\/div>","protected":false},"excerpt":{"rendered":"<p>\u4f01\u4e1a\u5b98\u7f51\u9690\u79c1\u653f\u7b56\u8bf4\u660e\u200b \u00a0 \u5b81\u6ce2\u8d85\u5408\u5851\u6599\u6709\u9650\u516c\u53f8\uff08\u4ee5\u4e0b\u7b80\u79f0 \u201c\u6211\u4eec\u201d\uff09\u81f4\u529b\u4e8e\u4fdd\u62a4\u7528\u6237\u9690\u79c1\uff0c\u7ef4\u62a4\u7528\u6237\u4fe1\u606f\u5b89\u5168\u3002\u4e3a [&hellip;]<\/p>","protected":false},"author":1,"featured_media":0,"parent":0,"menu_order":0,"comment_status":"closed","ping_status":"open","template":"single_ystk.php","meta":{"footnotes":""},"class_list":["post-3","page","type-page","status-publish","hentry"],"yoast_head":"<!-- This site is optimized with the Yoast SEO plugin v25.4 - https:\/\/yoast.com\/wordpress\/plugins\/seo\/ -->\n<title>\u9690\u79c1\u653f\u7b56 - \u5b81\u6ce2\u8d85\u5408\u5851\u6599\u6709\u9650\u516c\u53f8<\/title>\n<meta name=\"robots\" content=\"index, follow, max-snippet:-1, max-image-preview:large, max-video-preview:-1\" \/>\n<link rel=\"canonical\" href=\"https:\/\/www.nblhplastic.com\/ru\/\u043f\u043e\u043b\u0438\u0442\u0438\u043a\u0430-\u043a\u043e\u043d\u0444\u0438\u0434\u0435\u043d\u0446\u0438\u0430\u043b\u044c\u043d\u043e\u0441\u0442\u0438\" \/>\n<meta property=\"og:locale\" content=\"pt_PT\" \/>\n<meta property=\"og:type\" content=\"article\" \/>\n<meta property=\"og:title\" content=\"\u9690\u79c1\u653f\u7b56 - \u5b81\u6ce2\u8d85\u5408\u5851\u6599\u6709\u9650\u516c\u53f8\" \/>\n<meta property=\"og:description\" content=\"\u4f01\u4e1a\u5b98\u7f51\u9690\u79c1\u653f\u7b56\u8bf4\u660e\u200b \u00a0 \u5b81\u6ce2\u8d85\u5408\u5851\u6599\u6709\u9650\u516c\u53f8\uff08\u4ee5\u4e0b\u7b80\u79f0 \u201c\u6211\u4eec\u201d\uff09\u81f4\u529b\u4e8e\u4fdd\u62a4\u7528\u6237\u9690\u79c1\uff0c\u7ef4\u62a4\u7528\u6237\u4fe1\u606f\u5b89\u5168\u3002\u4e3a [&hellip;]\" \/>\n<meta property=\"og:url\" content=\"https:\/\/www.nblhplastic.com\/ru\/\u043f\u043e\u043b\u0438\u0442\u0438\u043a\u0430-\u043a\u043e\u043d\u0444\u0438\u0434\u0435\u043d\u0446\u0438\u0430\u043b\u044c\u043d\u043e\u0441\u0442\u0438\" \/>\n<meta property=\"og:site_name\" content=\"\u5b81\u6ce2\u8d85\u5408\u5851\u6599\u6709\u9650\u516c\u53f8\" \/>\n<meta property=\"article:modified_time\" content=\"2025-07-15T06:36:26+00:00\" \/>\n<meta name=\"twitter:card\" content=\"summary_large_image\" \/>\n<meta name=\"twitter:label1\" content=\"Tempo estimado de leitura\" \/>\n\t<meta name=\"twitter:data1\" content=\"1 minuto\" \/>\n<script type=\"application\/ld+json\" class=\"yoast-schema-graph\">{\"@context\":\"https:\/\/schema.org\",\"@graph\":[{\"@type\":\"WebPage\",\"@id\":\"https:\/\/www.nblhplastic.com\/ru\/%d0%bf%d0%be%d0%bb%d0%b8%d1%82%d0%b8%d0%ba%d0%b0-%d0%ba%d0%be%d0%bd%d1%84%d0%b8%d0%b4%d0%b5%d0%bd%d1%86%d0%b8%d0%b0%d0%bb%d1%8c%d0%bd%d0%be%d1%81%d1%82%d0%b8\",\"url\":\"https:\/\/www.nblhplastic.com\/ru\/%d0%bf%d0%be%d0%bb%d0%b8%d1%82%d0%b8%d0%ba%d0%b0-%d0%ba%d0%be%d0%bd%d1%84%d0%b8%d0%b4%d0%b5%d0%bd%d1%86%d0%b8%d0%b0%d0%bb%d1%8c%d0%bd%d0%be%d1%81%d1%82%d0%b8\",\"name\":\"\u9690\u79c1\u653f\u7b56 - \u5b81\u6ce2\u8d85\u5408\u5851\u6599\u6709\u9650\u516c\u53f8\",\"isPartOf\":{\"@id\":\"https:\/\/www.chaoheplastic.com\/#website\"},\"datePublished\":\"2025-06-17T07:19:20+00:00\",\"dateModified\":\"2025-07-15T06:36:26+00:00\",\"breadcrumb\":{\"@id\":\"https:\/\/www.nblhplastic.com\/ru\/%d0%bf%d0%be%d0%bb%d0%b8%d1%82%d0%b8%d0%ba%d0%b0-%d0%ba%d0%be%d0%bd%d1%84%d0%b8%d0%b4%d0%b5%d0%bd%d1%86%d0%b8%d0%b0%d0%bb%d1%8c%d0%bd%d0%be%d1%81%d1%82%d0%b8#breadcrumb\"},\"inLanguage\":\"pt-PT\",\"potentialAction\":[{\"@type\":\"ReadAction\",\"target\":[\"https:\/\/www.nblhplastic.com\/ru\/%d0%bf%d0%be%d0%bb%d0%b8%d1%82%d0%b8%d0%ba%d0%b0-%d0%ba%d0%be%d0%bd%d1%84%d0%b8%d0%b4%d0%b5%d0%bd%d1%86%d0%b8%d0%b0%d0%bb%d1%8c%d0%bd%d0%be%d1%81%d1%82%d0%b8\"]}]},{\"@type\":\"BreadcrumbList\",\"@id\":\"https:\/\/www.nblhplastic.com\/ru\/%d0%bf%d0%be%d0%bb%d0%b8%d1%82%d0%b8%d0%ba%d0%b0-%d0%ba%d0%be%d0%bd%d1%84%d0%b8%d0%b4%d0%b5%d0%bd%d1%86%d0%b8%d0%b0%d0%bb%d1%8c%d0%bd%d0%be%d1%81%d1%82%d0%b8#breadcrumb\",\"itemListElement\":[{\"@type\":\"ListItem\",\"position\":1,\"name\":\"\u9996\u9875\",\"item\":\"https:\/\/www.chaoheplastic.com\/\"},{\"@type\":\"ListItem\",\"position\":2,\"name\":\"\u9690\u79c1\u653f\u7b56\"}]},{\"@type\":\"WebSite\",\"@id\":\"https:\/\/www.chaoheplastic.com\/#website\",\"url\":\"https:\/\/www.chaoheplastic.com\/\",\"name\":\"\u5b81\u6ce2\u8d85\u5408\u5851\u6599\u6709\u9650\u516c\u53f8\",\"description\":\"\u5b81\u6ce2\u8d85\u5408\u5851\u6599\u6709\u9650\u516c\u53f8\u4f01\u4e1a\u5b98\u7f51\",\"publisher\":{\"@id\":\"https:\/\/www.chaoheplastic.com\/#organization\"},\"potentialAction\":[{\"@type\":\"SearchAction\",\"target\":{\"@type\":\"EntryPoint\",\"urlTemplate\":\"https:\/\/www.chaoheplastic.com\/?s={search_term_string}\"},\"query-input\":{\"@type\":\"PropertyValueSpecification\",\"valueRequired\":true,\"valueName\":\"search_term_string\"}}],\"inLanguage\":\"pt-PT\"},{\"@type\":\"Organization\",\"@id\":\"https:\/\/www.chaoheplastic.com\/#organization\",\"name\":\"\u5b81\u6ce2\u8d85\u5408\u5851\u6599\u6709\u9650\u516c\u53f8\",\"url\":\"https:\/\/www.chaoheplastic.com\/\",\"logo\":{\"@type\":\"ImageObject\",\"inLanguage\":\"pt-PT\",\"@id\":\"https:\/\/www.chaoheplastic.com\/#\/schema\/logo\/image\/\",\"url\":\"\/wp-content\/uploads\/2025\/06\/a028c7592e2e591b297bbd1505f7c62d.png\",\"contentUrl\":\"\/wp-content\/uploads\/2025\/06\/a028c7592e2e591b297bbd1505f7c62d.png\",\"width\":350,\"height\":77,\"caption\":\"\u5b81\u6ce2\u8d85\u5408\u5851\u6599\u6709\u9650\u516c\u53f8\"},\"image\":{\"@id\":\"https:\/\/www.chaoheplastic.com\/#\/schema\/logo\/image\/\"}}]}<\/script>\n<!-- \/ Yoast SEO plugin. -->","yoast_head_json":{"title":"\u9690\u79c1\u653f\u7b56 - \u5b81\u6ce2\u8d85\u5408\u5851\u6599\u6709\u9650\u516c\u53f8","robots":{"index":"index","follow":"follow","max-snippet":"max-snippet:-1","max-image-preview":"max-image-preview:large","max-video-preview":"max-video-preview:-1"},"canonical":"https:\/\/www.nblhplastic.com\/ru\/\u043f\u043e\u043b\u0438\u0442\u0438\u043a\u0430-\u043a\u043e\u043d\u0444\u0438\u0434\u0435\u043d\u0446\u0438\u0430\u043b\u044c\u043d\u043e\u0441\u0442\u0438","og_locale":"pt_PT","og_type":"article","og_title":"\u9690\u79c1\u653f\u7b56 - \u5b81\u6ce2\u8d85\u5408\u5851\u6599\u6709\u9650\u516c\u53f8","og_description":"\u4f01\u4e1a\u5b98\u7f51\u9690\u79c1\u653f\u7b56\u8bf4\u660e\u200b \u00a0 \u5b81\u6ce2\u8d85\u5408\u5851\u6599\u6709\u9650\u516c\u53f8\uff08\u4ee5\u4e0b\u7b80\u79f0 \u201c\u6211\u4eec\u201d\uff09\u81f4\u529b\u4e8e\u4fdd\u62a4\u7528\u6237\u9690\u79c1\uff0c\u7ef4\u62a4\u7528\u6237\u4fe1\u606f\u5b89\u5168\u3002\u4e3a [&hellip;]","og_url":"https:\/\/www.nblhplastic.com\/ru\/\u043f\u043e\u043b\u0438\u0442\u0438\u043a\u0430-\u043a\u043e\u043d\u0444\u0438\u0434\u0435\u043d\u0446\u0438\u0430\u043b\u044c\u043d\u043e\u0441\u0442\u0438","og_site_name":"\u5b81\u6ce2\u8d85\u5408\u5851\u6599\u6709\u9650\u516c\u53f8","article_modified_time":"2025-07-15T06:36:26+00:00","twitter_card":"summary_large_image","twitter_misc":{"Tempo estimado de leitura":"1 minuto"},"schema":{"@context":"https:\/\/schema.org","@graph":[{"@type":"WebPage","@id":"https:\/\/www.nblhplastic.com\/ru\/%d0%bf%d0%be%d0%bb%d0%b8%d1%82%d0%b8%d0%ba%d0%b0-%d0%ba%d0%be%d0%bd%d1%84%d0%b8%d0%b4%d0%b5%d0%bd%d1%86%d0%b8%d0%b0%d0%bb%d1%8c%d0%bd%d0%be%d1%81%d1%82%d0%b8","url":"https:\/\/www.nblhplastic.com\/ru\/%d0%bf%d0%be%d0%bb%d0%b8%d1%82%d0%b8%d0%ba%d0%b0-%d0%ba%d0%be%d0%bd%d1%84%d0%b8%d0%b4%d0%b5%d0%bd%d1%86%d0%b8%d0%b0%d0%bb%d1%8c%d0%bd%d0%be%d1%81%d1%82%d0%b8","name":"\u9690\u79c1\u653f\u7b56 - \u5b81\u6ce2\u8d85\u5408\u5851\u6599\u6709\u9650\u516c\u53f8","isPartOf":{"@id":"https:\/\/www.chaoheplastic.com\/#website"},"datePublished":"2025-06-17T07:19:20+00:00","dateModified":"2025-07-15T06:36:26+00:00","breadcrumb":{"@id":"https:\/\/www.nblhplastic.com\/ru\/%d0%bf%d0%be%d0%bb%d0%b8%d1%82%d0%b8%d0%ba%d0%b0-%d0%ba%d0%be%d0%bd%d1%84%d0%b8%d0%b4%d0%b5%d0%bd%d1%86%d0%b8%d0%b0%d0%bb%d1%8c%d0%bd%d0%be%d1%81%d1%82%d0%b8#breadcrumb"},"inLanguage":"pt-PT","potentialAction":[{"@type":"ReadAction","target":["https:\/\/www.nblhplastic.com\/ru\/%d0%bf%d0%be%d0%bb%d0%b8%d1%82%d0%b8%d0%ba%d0%b0-%d0%ba%d0%be%d0%bd%d1%84%d0%b8%d0%b4%d0%b5%d0%bd%d1%86%d0%b8%d0%b0%d0%bb%d1%8c%d0%bd%d0%be%d1%81%d1%82%d0%b8"]}]},{"@type":"BreadcrumbList","@id":"https:\/\/www.nblhplastic.com\/ru\/%d0%bf%d0%be%d0%bb%d0%b8%d1%82%d0%b8%d0%ba%d0%b0-%d0%ba%d0%be%d0%bd%d1%84%d0%b8%d0%b4%d0%b5%d0%bd%d1%86%d0%b8%d0%b0%d0%bb%d1%8c%d0%bd%d0%be%d1%81%d1%82%d0%b8#breadcrumb","itemListElement":[{"@type":"ListItem","position":1,"name":"\u9996\u9875","item":"https:\/\/www.chaoheplastic.com\/"},{"@type":"ListItem","position":2,"name":"\u9690\u79c1\u653f\u7b56"}]},{"@type":"WebSite","@id":"https:\/\/www.chaoheplastic.com\/#website","url":"https:\/\/www.chaoheplastic.com\/","name":"\u5b81\u6ce2\u8d85\u5408\u5851\u6599\u6709\u9650\u516c\u53f8","description":"\u5b81\u6ce2\u8d85\u5408\u5851\u6599\u6709\u9650\u516c\u53f8\u4f01\u4e1a\u5b98\u7f51","publisher":{"@id":"https:\/\/www.chaoheplastic.com\/#organization"},"potentialAction":[{"@type":"SearchAction","target":{"@type":"EntryPoint","urlTemplate":"https:\/\/www.chaoheplastic.com\/?s={search_term_string}"},"query-input":{"@type":"PropertyValueSpecification","valueRequired":true,"valueName":"search_term_string"}}],"inLanguage":"pt-PT"},{"@type":"Organization","@id":"https:\/\/www.chaoheplastic.com\/#organization","name":"\u5b81\u6ce2\u8d85\u5408\u5851\u6599\u6709\u9650\u516c\u53f8","url":"https:\/\/www.chaoheplastic.com\/","logo":{"@type":"ImageObject","inLanguage":"pt-PT","@id":"https:\/\/www.chaoheplastic.com\/#\/schema\/logo\/image\/","url":"\/wp-content\/uploads\/2025\/06\/a028c7592e2e591b297bbd1505f7c62d.png","contentUrl":"\/wp-content\/uploads\/2025\/06\/a028c7592e2e591b297bbd1505f7c62d.png","width":350,"height":77,"caption":"\u5b81\u6ce2\u8d85\u5408\u5851\u6599\u6709\u9650\u516c\u53f8"},"image":{"@id":"https:\/\/www.chaoheplastic.com\/#\/schema\/logo\/image\/"}}]}},"jetpack_sharing_enabled":true,"_links":{"self":[{"href":"https:\/\/www.chaoheplastic.com\/pt\/wp-json\/wp\/v2\/pages\/3","targetHints":{"allow":["GET"]}}],"collection":[{"href":"https:\/\/www.chaoheplastic.com\/pt\/wp-json\/wp\/v2\/pages"}],"about":[{"href":"https:\/\/www.chaoheplastic.com\/pt\/wp-json\/wp\/v2\/types\/page"}],"author":[{"embeddable":true,"href":"https:\/\/www.chaoheplastic.com\/pt\/wp-json\/wp\/v2\/users\/1"}],"replies":[{"embeddable":true,"href":"https:\/\/www.chaoheplastic.com\/pt\/wp-json\/wp\/v2\/comments?post=3"}],"version-history":[{"count":3,"href":"https:\/\/www.chaoheplastic.com\/pt\/wp-json\/wp\/v2\/pages\/3\/revisions"}],"predecessor-version":[{"id":380,"href":"https:\/\/www.chaoheplastic.com\/pt\/wp-json\/wp\/v2\/pages\/3\/revisions\/380"}],"wp:attachment":[{"href":"https:\/\/www.chaoheplastic.com\/pt\/wp-json\/wp\/v2\/media?parent=3"}],"curies":[{"name":"wp","href":"https:\/\/api.w.org\/{rel}","templated":true}]}}