{"id":381,"date":"2025-07-15T14:37:37","date_gmt":"2025-07-15T06:37:37","guid":{"rendered":"https:\/\/new.nblhplastic.com\/?page_id=381"},"modified":"2025-07-15T14:38:28","modified_gmt":"2025-07-15T06:38:28","slug":"terminets-pakalpojums","status":"publish","type":"page","link":"https:\/\/www.chaoheplastic.com\/lv\/terminets-pakalpojums","title":{"rendered":"pakalpojumu snieg\u0161anas noteikumi"},"content":{"rendered":"<h1 class=\"ace-line heading-h1\" dir=\"auto\" style=\"text-align: center;\" data-node=\"true\"><strong><span class=\"lb\">Uz\u0146\u0113muma ofici\u0101l\u0101s t\u012bmek\u013ca vietnes pakalpojumu snieg\u0161anas noteikumi paskaidro<\/span>\u200b<\/strong><\/h1>\n<div class=\"ace-line\" dir=\"auto\" data-node=\"true\"><span data-leaf=\"true\"><span class=\"lb\">Laipni l\u016bdzam izmantot Ningbo Chaohe Plastic Co., Ltd ofici\u0101lo t\u012bmek\u013ca vietni (turpm\u0101k tekst\u0101 - \"\u0161\u012b t\u012bmek\u013ca vietne\"). Pirms \u0161\u012bs t\u012bmek\u013ca vietnes lieto\u0161anas, l\u016bdzu, uzman\u012bgi izlasiet turpm\u0101k izkl\u0101st\u012btos noteikumus un nosac\u012bjumus, un j\u016bsu piek\u013cuve \u0161ai vietnei un t\u0101s lieto\u0161ana tiks uzskat\u012bta par piekri\u0161anu visam \u0161o noteikumu un nosac\u012bjumu saturam.<\/span><\/span><\/div>\n<div class=\"ace-line\" dir=\"auto\" data-node=\"true\"><span data-string=\"true\" data-enter=\"true\" data-leaf=\"true\">\u200b<\/span><\/div>\n<div class=\"ace-line heading-h2\" dir=\"auto\" data-node=\"true\"><strong><span class=\"lb\">Pakalpojuma saturs un lieto\u0161anas noteikumi<\/span>\u200b<\/strong><\/div>\n<div class=\"ace-line\" dir=\"auto\" data-node=\"true\"><span data-leaf=\"true\"><span class=\"lb\">\u0160aj\u0101 t\u012bmek\u013ca vietn\u0113 ir pieejama uz\u0146\u0113muma inform\u0101cija, produktu prezent\u0101cija, kontaktinform\u0101cija un citi pakalpojumi. Lietot\u0101ji var p\u0101rl\u016bkot inform\u0101ciju un iesniegt piepras\u012bjumus, bet nedr\u012bkst veikt \u0161\u0101das darb\u012bbas: v\u0101kt t\u012bmek\u013ca vietnes saturu bez at\u013caujas; izplat\u012bt nelikum\u012bgu un nepatiesu inform\u0101ciju; trauc\u0113t t\u012bmek\u013ca vietnes norm\u0101lu darb\u012bbu; izmantot pakalpojumus citu v\u0101rd\u0101.<\/span><\/span><\/div>\n<div class=\"ace-line\" dir=\"auto\" data-node=\"true\"><span data-string=\"true\" data-enter=\"true\" data-leaf=\"true\">\u200b<\/span><\/div>\n<div class=\"ace-line heading-h2\" dir=\"auto\" data-node=\"true\"><strong><span class=\"lb\">Pazi\u0146ojums par intelektu\u0101lo \u012bpa\u0161umu<\/span>\u200b<\/strong><\/div>\n<div class=\"ace-line\" dir=\"auto\" data-node=\"true\"><span data-leaf=\"true\"><span class=\"lb\">Viss \u0161\u012bs t\u012bmek\u013ca vietnes saturs (tostarp teksts, att\u0113li, pre\u010du z\u012bmes u. c.) ir uz\u0146\u0113muma \u012bpa\u0161ums un ir aizsarg\u0101ts ar likumu. Jebk\u0101da veida pavairo\u0161ana, izplat\u012b\u0161ana vai komerci\u0101la izmanto\u0161ana bez rakstiskas at\u013caujas ir aizliegta.<\/span><\/span><\/div>\n<div class=\"ace-line\" dir=\"auto\" data-node=\"true\"><span data-string=\"true\" data-enter=\"true\" data-leaf=\"true\">\u200b<\/span><\/div>\n<div class=\"ace-line heading-h2\" dir=\"auto\" data-node=\"true\"><strong><span class=\"lb\">atruna<\/span>\u200b<\/strong><\/div>\n<div class=\"ace-line\" dir=\"auto\" data-node=\"true\"><span data-leaf=\"true\"><span class=\"lb\">M\u0113s cen\u0161amies nodro\u0161in\u0101t \u0161aj\u0101 t\u012bmek\u013ca vietn\u0113 sniegt\u0101s inform\u0101cijas precizit\u0101ti, ta\u010du nesniedzam nek\u0101das gal\u012bgas garantijas par satura pieejam\u012bbu re\u0101laj\u0101 laik\u0101 vai piln\u012bgumu. M\u0113s neesam atbild\u012bgi par jebk\u0101diem zaud\u0113jumiem, kas radu\u0161ies, izmantojot \u0161aj\u0101 t\u012bmek\u013ca vietn\u0113 sniegto inform\u0101ciju. Saturs, kas saist\u012bts ar tre\u0161o pu\u0161u t\u012bmek\u013ca vietn\u0113m, ir saist\u012bts ar pa\u0161a lietot\u0101ja risku.<\/span><\/span><\/div>\n<div class=\"ace-line\" dir=\"auto\" data-node=\"true\"><span data-string=\"true\" data-enter=\"true\" data-leaf=\"true\">\u200b<\/span><\/div>\n<div class=\"ace-line heading-h2\" dir=\"auto\" data-node=\"true\"><strong><span class=\"lb\">Noteikumu groz\u012b\u0161ana un izbeig\u0161ana<\/span>\u200b<\/strong><\/div>\n<div class=\"ace-line\" dir=\"auto\" data-node=\"true\"><span data-leaf=\"true\"><span class=\"lb\">Uz\u0146\u0113mums patur ties\u012bbas jebkur\u0101 laik\u0101 main\u012bt noteikumus un nosac\u012bjumus, un par izmai\u0146\u0101m tiks pazi\u0146ots t\u012bmek\u013ca vietn\u0113. Ja lietot\u0101js nepiekr\u012bt izmai\u0146\u0101m, vi\u0146am\/vi\u0146ai nekav\u0113joties j\u0101p\u0101rtrauc izmantot t\u012bmek\u013ca vietni. Sabiedr\u012bba jebkur\u0101 laik\u0101 var p\u0101rtraukt da\u013cu vai visus pakalpojumus saska\u0146\u0101 ar darb\u012bbas vajadz\u012bb\u0101m, neuz\u0146emoties nek\u0101du atbild\u012bbu.<\/span><\/span><\/div>\n<div class=\"ace-line\" dir=\"auto\" data-node=\"true\"><span data-string=\"true\" data-enter=\"true\" data-leaf=\"true\">\u200b<\/span><\/div>\n<div class=\"ace-line heading-h2\" dir=\"auto\" data-node=\"true\"><strong><span class=\"lb\">Str\u012bdu iz\u0161\u0137ir\u0161ana<\/span>\u200b<\/strong><\/div>\n<div class=\"ace-line\" dir=\"auto\" data-node=\"true\"><span data-leaf=\"true\"><span class=\"lb\">Str\u012bdus, kas izriet no \u0161iem noteikumiem un nosac\u012bjumiem, risina draudz\u012bg\u0101s sarun\u0101s starp ab\u0101m pus\u0113m; ja sarunas neizdodas, str\u012bdu nodod izskat\u012b\u0161anai kompetentaj\u0101 ties\u0101 viet\u0101, kur atrodas uz\u0146\u0113mums.<\/span><\/span><span data-string=\"true\" data-enter=\"true\" data-leaf=\"true\">\u200b<\/span><\/div>\n<div class=\"ace-line\" dir=\"auto\" data-node=\"true\"><span data-leaf=\"true\"><span class=\"lb\">Ja jums ir k\u0101di jaut\u0101jumi, l\u016bdzu, sazinieties ar: +86-574-88303209.<\/span><\/span><span data-string=\"true\" data-enter=\"true\" data-leaf=\"true\">\u200b<\/span><\/div>","protected":false},"excerpt":{"rendered":"<p>\u4f01\u4e1a\u5b98\u7f51\u670d\u52a1\u6761\u6b3e\u8bf4\u660e\u200b \u6b22\u8fce\u4f7f\u7528\u5b81\u6ce2\u8d85\u5408\u5851\u6599\u6709\u9650\u516c\u53f8\u5b98\u7f51\uff08\u4ee5\u4e0b\u7b80\u79f0 \u201c\u672c\u7f51\u7ad9\u201d\uff09\u3002\u4f7f\u7528\u672c\u7f51\u7ad9\u524d\uff0c\u8bf7\u4ed4\u7ec6\u9605\u8bfb\u4ee5\u4e0b [&hellip;]<\/p>","protected":false},"author":1,"featured_media":0,"parent":0,"menu_order":0,"comment_status":"closed","ping_status":"closed","template":"single_ystk.php","meta":{"footnotes":""},"class_list":["post-381","page","type-page","status-publish","hentry"],"yoast_head":"<!-- This site is optimized with the Yoast SEO plugin v25.4 - https:\/\/yoast.com\/wordpress\/plugins\/seo\/ -->\n<title>\u670d\u52a1\u6761\u6b3e - \u5b81\u6ce2\u8d85\u5408\u5851\u6599\u6709\u9650\u516c\u53f8<\/title>\n<meta name=\"robots\" content=\"index, follow, max-snippet:-1, max-image-preview:large, max-video-preview:-1\" \/>\n<link rel=\"canonical\" href=\"https:\/\/www.linheplastic.com\/de\/termindienst\" \/>\n<meta property=\"og:locale\" content=\"lv_LV\" \/>\n<meta property=\"og:type\" content=\"article\" \/>\n<meta property=\"og:title\" content=\"\u670d\u52a1\u6761\u6b3e - \u5b81\u6ce2\u8d85\u5408\u5851\u6599\u6709\u9650\u516c\u53f8\" \/>\n<meta property=\"og:description\" content=\"\u4f01\u4e1a\u5b98\u7f51\u670d\u52a1\u6761\u6b3e\u8bf4\u660e\u200b \u6b22\u8fce\u4f7f\u7528\u5b81\u6ce2\u8d85\u5408\u5851\u6599\u6709\u9650\u516c\u53f8\u5b98\u7f51\uff08\u4ee5\u4e0b\u7b80\u79f0 \u201c\u672c\u7f51\u7ad9\u201d\uff09\u3002\u4f7f\u7528\u672c\u7f51\u7ad9\u524d\uff0c\u8bf7\u4ed4\u7ec6\u9605\u8bfb\u4ee5\u4e0b [&hellip;]\" \/>\n<meta property=\"og:url\" content=\"https:\/\/www.linheplastic.com\/de\/termindienst\" \/>\n<meta property=\"og:site_name\" content=\"\u5b81\u6ce2\u8d85\u5408\u5851\u6599\u6709\u9650\u516c\u53f8\" \/>\n<meta property=\"article:modified_time\" content=\"2025-07-15T06:38:28+00:00\" \/>\n<meta name=\"twitter:card\" content=\"summary_large_image\" \/>\n<meta name=\"twitter:label1\" content=\"Est. reading time\" \/>\n\t<meta name=\"twitter:data1\" content=\"1 min\u016bte\" \/>\n<script type=\"application\/ld+json\" class=\"yoast-schema-graph\">{\"@context\":\"https:\/\/schema.org\",\"@graph\":[{\"@type\":\"WebPage\",\"@id\":\"https:\/\/www.linheplastic.com\/de\/termindienst\",\"url\":\"https:\/\/www.linheplastic.com\/de\/termindienst\",\"name\":\"\u670d\u52a1\u6761\u6b3e - \u5b81\u6ce2\u8d85\u5408\u5851\u6599\u6709\u9650\u516c\u53f8\",\"isPartOf\":{\"@id\":\"https:\/\/www.chaoheplastic.com\/#website\"},\"datePublished\":\"2025-07-15T06:37:37+00:00\",\"dateModified\":\"2025-07-15T06:38:28+00:00\",\"breadcrumb\":{\"@id\":\"https:\/\/www.linheplastic.com\/de\/termindienst#breadcrumb\"},\"inLanguage\":\"lv-LV\",\"potentialAction\":[{\"@type\":\"ReadAction\",\"target\":[\"https:\/\/www.linheplastic.com\/de\/termindienst\"]}]},{\"@type\":\"BreadcrumbList\",\"@id\":\"https:\/\/www.linheplastic.com\/de\/termindienst#breadcrumb\",\"itemListElement\":[{\"@type\":\"ListItem\",\"position\":1,\"name\":\"\u9996\u9875\",\"item\":\"https:\/\/www.chaoheplastic.com\/\"},{\"@type\":\"ListItem\",\"position\":2,\"name\":\"\u670d\u52a1\u6761\u6b3e\"}]},{\"@type\":\"WebSite\",\"@id\":\"https:\/\/www.chaoheplastic.com\/#website\",\"url\":\"https:\/\/www.chaoheplastic.com\/\",\"name\":\"\u5b81\u6ce2\u8d85\u5408\u5851\u6599\u6709\u9650\u516c\u53f8\",\"description\":\"\u5b81\u6ce2\u8d85\u5408\u5851\u6599\u6709\u9650\u516c\u53f8\u4f01\u4e1a\u5b98\u7f51\",\"publisher\":{\"@id\":\"https:\/\/www.chaoheplastic.com\/#organization\"},\"potentialAction\":[{\"@type\":\"SearchAction\",\"target\":{\"@type\":\"EntryPoint\",\"urlTemplate\":\"https:\/\/www.chaoheplastic.com\/?s={search_term_string}\"},\"query-input\":{\"@type\":\"PropertyValueSpecification\",\"valueRequired\":true,\"valueName\":\"search_term_string\"}}],\"inLanguage\":\"lv-LV\"},{\"@type\":\"Organization\",\"@id\":\"https:\/\/www.chaoheplastic.com\/#organization\",\"name\":\"\u5b81\u6ce2\u8d85\u5408\u5851\u6599\u6709\u9650\u516c\u53f8\",\"url\":\"https:\/\/www.chaoheplastic.com\/\",\"logo\":{\"@type\":\"ImageObject\",\"inLanguage\":\"lv-LV\",\"@id\":\"https:\/\/www.chaoheplastic.com\/#\/schema\/logo\/image\/\",\"url\":\"\/wp-content\/uploads\/2025\/06\/a028c7592e2e591b297bbd1505f7c62d.png\",\"contentUrl\":\"\/wp-content\/uploads\/2025\/06\/a028c7592e2e591b297bbd1505f7c62d.png\",\"width\":350,\"height\":77,\"caption\":\"\u5b81\u6ce2\u8d85\u5408\u5851\u6599\u6709\u9650\u516c\u53f8\"},\"image\":{\"@id\":\"https:\/\/www.chaoheplastic.com\/#\/schema\/logo\/image\/\"}}]}<\/script>\n<!-- \/ Yoast SEO plugin. -->","yoast_head_json":{"title":"\u670d\u52a1\u6761\u6b3e - \u5b81\u6ce2\u8d85\u5408\u5851\u6599\u6709\u9650\u516c\u53f8","robots":{"index":"index","follow":"follow","max-snippet":"max-snippet:-1","max-image-preview":"max-image-preview:large","max-video-preview":"max-video-preview:-1"},"canonical":"https:\/\/www.linheplastic.com\/de\/termindienst","og_locale":"lv_LV","og_type":"article","og_title":"\u670d\u52a1\u6761\u6b3e - \u5b81\u6ce2\u8d85\u5408\u5851\u6599\u6709\u9650\u516c\u53f8","og_description":"\u4f01\u4e1a\u5b98\u7f51\u670d\u52a1\u6761\u6b3e\u8bf4\u660e\u200b \u6b22\u8fce\u4f7f\u7528\u5b81\u6ce2\u8d85\u5408\u5851\u6599\u6709\u9650\u516c\u53f8\u5b98\u7f51\uff08\u4ee5\u4e0b\u7b80\u79f0 \u201c\u672c\u7f51\u7ad9\u201d\uff09\u3002\u4f7f\u7528\u672c\u7f51\u7ad9\u524d\uff0c\u8bf7\u4ed4\u7ec6\u9605\u8bfb\u4ee5\u4e0b [&hellip;]","og_url":"https:\/\/www.linheplastic.com\/de\/termindienst","og_site_name":"\u5b81\u6ce2\u8d85\u5408\u5851\u6599\u6709\u9650\u516c\u53f8","article_modified_time":"2025-07-15T06:38:28+00:00","twitter_card":"summary_large_image","twitter_misc":{"Est. reading time":"1 min\u016bte"},"schema":{"@context":"https:\/\/schema.org","@graph":[{"@type":"WebPage","@id":"https:\/\/www.linheplastic.com\/de\/termindienst","url":"https:\/\/www.linheplastic.com\/de\/termindienst","name":"\u670d\u52a1\u6761\u6b3e - \u5b81\u6ce2\u8d85\u5408\u5851\u6599\u6709\u9650\u516c\u53f8","isPartOf":{"@id":"https:\/\/www.chaoheplastic.com\/#website"},"datePublished":"2025-07-15T06:37:37+00:00","dateModified":"2025-07-15T06:38:28+00:00","breadcrumb":{"@id":"https:\/\/www.linheplastic.com\/de\/termindienst#breadcrumb"},"inLanguage":"lv-LV","potentialAction":[{"@type":"ReadAction","target":["https:\/\/www.linheplastic.com\/de\/termindienst"]}]},{"@type":"BreadcrumbList","@id":"https:\/\/www.linheplastic.com\/de\/termindienst#breadcrumb","itemListElement":[{"@type":"ListItem","position":1,"name":"\u9996\u9875","item":"https:\/\/www.chaoheplastic.com\/"},{"@type":"ListItem","position":2,"name":"\u670d\u52a1\u6761\u6b3e"}]},{"@type":"WebSite","@id":"https:\/\/www.chaoheplastic.com\/#website","url":"https:\/\/www.chaoheplastic.com\/","name":"\u5b81\u6ce2\u8d85\u5408\u5851\u6599\u6709\u9650\u516c\u53f8","description":"\u5b81\u6ce2\u8d85\u5408\u5851\u6599\u6709\u9650\u516c\u53f8\u4f01\u4e1a\u5b98\u7f51","publisher":{"@id":"https:\/\/www.chaoheplastic.com\/#organization"},"potentialAction":[{"@type":"SearchAction","target":{"@type":"EntryPoint","urlTemplate":"https:\/\/www.chaoheplastic.com\/?s={search_term_string}"},"query-input":{"@type":"PropertyValueSpecification","valueRequired":true,"valueName":"search_term_string"}}],"inLanguage":"lv-LV"},{"@type":"Organization","@id":"https:\/\/www.chaoheplastic.com\/#organization","name":"\u5b81\u6ce2\u8d85\u5408\u5851\u6599\u6709\u9650\u516c\u53f8","url":"https:\/\/www.chaoheplastic.com\/","logo":{"@type":"ImageObject","inLanguage":"lv-LV","@id":"https:\/\/www.chaoheplastic.com\/#\/schema\/logo\/image\/","url":"\/wp-content\/uploads\/2025\/06\/a028c7592e2e591b297bbd1505f7c62d.png","contentUrl":"\/wp-content\/uploads\/2025\/06\/a028c7592e2e591b297bbd1505f7c62d.png","width":350,"height":77,"caption":"\u5b81\u6ce2\u8d85\u5408\u5851\u6599\u6709\u9650\u516c\u53f8"},"image":{"@id":"https:\/\/www.chaoheplastic.com\/#\/schema\/logo\/image\/"}}]}},"jetpack_sharing_enabled":true,"_links":{"self":[{"href":"https:\/\/www.chaoheplastic.com\/lv\/wp-json\/wp\/v2\/pages\/381","targetHints":{"allow":["GET"]}}],"collection":[{"href":"https:\/\/www.chaoheplastic.com\/lv\/wp-json\/wp\/v2\/pages"}],"about":[{"href":"https:\/\/www.chaoheplastic.com\/lv\/wp-json\/wp\/v2\/types\/page"}],"author":[{"embeddable":true,"href":"https:\/\/www.chaoheplastic.com\/lv\/wp-json\/wp\/v2\/users\/1"}],"replies":[{"embeddable":true,"href":"https:\/\/www.chaoheplastic.com\/lv\/wp-json\/wp\/v2\/comments?post=381"}],"version-history":[{"count":1,"href":"https:\/\/www.chaoheplastic.com\/lv\/wp-json\/wp\/v2\/pages\/381\/revisions"}],"predecessor-version":[{"id":382,"href":"https:\/\/www.chaoheplastic.com\/lv\/wp-json\/wp\/v2\/pages\/381\/revisions\/382"}],"wp:attachment":[{"href":"https:\/\/www.chaoheplastic.com\/lv\/wp-json\/wp\/v2\/media?parent=381"}],"curies":[{"name":"wp","href":"https:\/\/api.w.org\/{rel}","templated":true}]}}