{"id":3,"date":"2025-06-17T15:19:20","date_gmt":"2025-06-17T07:19:20","guid":{"rendered":"http:\/\/new.nblhplastic.com\/?page_id=3"},"modified":"2025-07-15T14:36:26","modified_gmt":"2025-07-15T06:36:26","slug":"privatuma-politika","status":"publish","type":"page","link":"https:\/\/www.chaoheplastic.com\/lv\/privatuma-politika","title":{"rendered":"priv\u0101tuma politika"},"content":{"rendered":"<h1 class=\"ace-line heading-h1 wp-block-heading\" dir=\"auto\" style=\"text-align: center;\" data-node=\"true\"><strong><span class=\"lb\">Korporat\u012bv\u0101s t\u012bmek\u013ca vietnes priv\u0101tuma politikas pazi\u0146ojums<\/span><\/strong><span data-string=\"true\" data-enter=\"true\" data-leaf=\"true\">\u200b<\/span><\/h1>\r\n<div dir=\"auto\" data-node=\"true\">\u00a0<\/div>\r\n<div class=\"ace-line\" dir=\"auto\" data-node=\"true\"><span data-leaf=\"true\"><span class=\"lb\">Ningbo Chaohe Plastic Co., Ltd (turpm\u0101k tekst\u0101 \"m\u0113s\") ir ap\u0146\u0113musies aizsarg\u0101t lietot\u0101ju priv\u0101tumu un uztur\u0113t lietot\u0101ju inform\u0101cijas dro\u0161\u012bbu. Lai preciz\u0113tu inform\u0101cijas v\u0101k\u0161anas un izmanto\u0161anas noteikumus, \u0161\u012b politika ir formul\u0113ta j\u016bsu izpratnei un izv\u0113lei.<\/span><\/span><\/div>\r\n<div class=\"ace-line\" dir=\"auto\" data-node=\"true\"><span data-string=\"true\" data-enter=\"true\" data-leaf=\"true\">\u200b<\/span><\/div>\r\n<div class=\"ace-line heading-h2\" dir=\"auto\" data-node=\"true\"><strong><span class=\"lb\">I. Piem\u0113ro\u0161anas joma<\/span><\/strong><span data-string=\"true\" data-enter=\"true\" data-leaf=\"true\">\u200b<\/span><\/div>\r\n<div class=\"ace-line\" dir=\"auto\" data-node=\"true\"><span data-leaf=\"true\"><span class=\"lb\">\u0160\u012b politika attiecas uz visiem lietot\u0101jiem, kuri apmekl\u0113 m\u016bsu vietni, tostarp, bet ne tikai, p\u0101rl\u016bko inform\u0101ciju, iesniedz piepras\u012bjumus un re\u0123istr\u0113jas dal\u012bbai. Ja j\u016bs izmantojat tre\u0161o pu\u0161u saites, lai p\u0101rietu uz cit\u0101m platform\u0101m, to priv\u0101tuma politika ir noteikta atsevi\u0161\u0137i.<\/span><\/span><\/div>\r\n<div class=\"ace-line\" dir=\"auto\" data-node=\"true\"><span data-string=\"true\" data-enter=\"true\" data-leaf=\"true\">\u200b<\/span><\/div>\r\n<div class=\"ace-line heading-h2\" dir=\"auto\" data-node=\"true\"><strong><span class=\"lb\">II. Inform\u0101cijas v\u0101k\u0161ana<\/span><\/strong><span data-string=\"true\" data-enter=\"true\" data-leaf=\"true\">\u200b<\/span><\/div>\r\n<div class=\"ace-line\" dir=\"auto\" data-node=\"true\"><span data-leaf=\"true\"><span class=\"lb\">M\u016bsu apkopot\u0101 inform\u0101cija ietver:<\/span><\/span><\/div>\r\n<ul>\r\n<li class=\"ace-line\" dir=\"auto\" data-node=\"true\"><span data-leaf=\"true\"><span class=\"lb\">1. Kontaktinform\u0101cija, piem\u0113ram, v\u0101rds, t\u0101lru\u0146a numurs, e-pasta adrese u. c., ko esat nor\u0101d\u012bjis br\u012bvpr\u0101t\u012bgi;<\/span><\/span><\/li>\r\n<li class=\"ace-line\" dir=\"auto\" data-node=\"true\"><span data-leaf=\"true\"><span class=\"lb\">2. T\u012bmek\u013ca vietnes lieto\u0161anas dati, piem\u0113ram, apmekl\u0113t\u0101s lapas, uztur\u0113\u0161an\u0101s ilgums utt;<\/span><\/span><\/li>\r\n<li class=\"ace-line\" dir=\"auto\" data-node=\"true\"><span data-leaf=\"true\"><span class=\"lb\">3. inform\u0101ciju par ier\u012bci, piem\u0113ram, IP adresi, p\u0101rl\u016bkprogrammas veidu utt.<\/span><\/span><\/li>\r\n<\/ul>\r\n<p><span data-leaf=\"true\"><span class=\"lb\">Iepriek\u0161 min\u0113t\u0101 inform\u0101cija ir paredz\u0113ta tikai biznesa sazi\u0146ai un pakalpojumu optimiz\u0101cijai.<\/span><\/span><\/p>\r\n<div class=\"ace-line\" dir=\"auto\" data-node=\"true\"><span data-string=\"true\" data-enter=\"true\" data-leaf=\"true\">\u200b<\/span><\/div>\r\n<div class=\"ace-line heading-h2\" dir=\"auto\" data-node=\"true\"><strong><span class=\"lb\">III. Inform\u0101cijas izmanto\u0161ana<\/span><\/strong><span data-string=\"true\" data-enter=\"true\" data-leaf=\"true\">\u200b<\/span><\/div>\r\n<div class=\"ace-line\" dir=\"auto\" data-node=\"true\"><span data-leaf=\"true\"><span class=\"lb\">Sav\u0101kt\u0101 inform\u0101cija tiks izmantota:<\/span><\/span><\/div>\r\n<ul>\r\n<li class=\"ace-line\" dir=\"auto\" data-node=\"true\"><span data-leaf=\"true\"><span class=\"lb\">1. Atbild\u0113t uz j\u016bsu piepras\u012bjumiem un vajadz\u012bb\u0101m;<\/span><\/span><\/li>\r\n<li class=\"ace-line\" dir=\"auto\" data-node=\"true\"><span data-leaf=\"true\"><span class=\"lb\">2. Sniegt personaliz\u0113tus pakalpojumu ieteikumus;<\/span><\/span><\/li>\r\n<li class=\"ace-line\" dir=\"auto\" data-node=\"true\"><span data-leaf=\"true\"><span class=\"lb\">3. Uzlabota t\u012bmek\u013ca vietnes funkcionalit\u0101te un lietot\u0101ju pieredze;<\/span><\/span><\/li>\r\n<li class=\"ace-line\" dir=\"auto\" data-node=\"true\"><span data-leaf=\"true\"><span class=\"lb\">4. S\u016bt\u012bt biznesa pazi\u0146ojumus (jebkur\u0101 laik\u0101 varat atteikties no abon\u0113\u0161anas).<\/span><\/span><\/li>\r\n<\/ul>\r\n<p><span data-leaf=\"true\"><span class=\"lb\">Nekad neizmantojiet bez at\u013caujas citiem m\u0113r\u0137iem.<\/span><\/span><\/p>\r\n<div class=\"ace-line\" dir=\"auto\" data-node=\"true\"><span data-string=\"true\" data-enter=\"true\" data-leaf=\"true\">\u200b<\/span><\/div>\r\n<div class=\"ace-line heading-h2\" dir=\"auto\" data-node=\"true\"><strong><span class=\"lb\">IV. Inform\u0101cijas aizsardz\u012bba<\/span><\/strong><span data-string=\"true\" data-enter=\"true\" data-leaf=\"true\">\u200b<\/span><\/div>\r\n<div class=\"ace-line\" dir=\"auto\" data-node=\"true\"><span data-leaf=\"true\"><span class=\"lb\">M\u0113s izmantojam vair\u0101kus dro\u0161\u012bbas pas\u0101kumus, lai aizsarg\u0101tu inform\u0101ciju:<\/span><\/span><\/div>\r\n<ul>\r\n<li class=\"ace-line\" dir=\"auto\" data-node=\"true\"><span data-leaf=\"true\"><span class=\"lb\">1. \u0160ifr\u0113\u0161anas metodes datu p\u0101rraidei;<\/span><\/span><\/li>\r\n<li class=\"ace-line\" dir=\"auto\" data-node=\"true\"><span data-leaf=\"true\"><span class=\"lb\">2. Hierarhiska varas p\u0101rvald\u012bba;<\/span><\/span><\/li>\r\n<li class=\"ace-line\" dir=\"auto\" data-node=\"true\"><span data-leaf=\"true\"><span class=\"lb\">3. Periodiski dro\u0161\u012bbas auditi.<\/span><\/span><\/li>\r\n<li class=\"ace-line\" dir=\"auto\" data-node=\"true\"><span data-leaf=\"true\"><span class=\"lb\">Darbiniekiem ir j\u0101paraksta konfidencialit\u0101tes l\u012bgums, un par t\u0101 p\u0101rk\u0101pumiem vi\u0146i b\u016bs atbild\u012bgi.<\/span><\/span><\/li>\r\n<\/ul>\r\n<div class=\"ace-line\" dir=\"auto\" data-node=\"true\"><span data-string=\"true\" data-enter=\"true\" data-leaf=\"true\">\u200b<\/span><\/div>\r\n<div class=\"ace-line heading-h2\" dir=\"auto\" data-node=\"true\"><strong><span class=\"lb\">V. Inform\u0101cijas apmai\u0146a<\/span><\/strong><span data-string=\"true\" data-enter=\"true\" data-leaf=\"true\">\u200b<\/span><\/div>\r\n<div class=\"ace-line\" dir=\"auto\" data-node=\"true\"><span data-leaf=\"true\"><span class=\"lb\">J\u016bsu inform\u0101cija nekad netiks izpausta tre\u0161aj\u0101m person\u0101m, iz\u0146emot \u0161\u0101dus gad\u012bjumus:<\/span><\/span><\/div>\r\n<ul>\r\n<li class=\"ace-line\" dir=\"auto\" data-node=\"true\"><span data-leaf=\"true\"><span class=\"lb\">1. Sa\u0146emiet savu skaidru at\u013cauju;<\/span><\/span><\/li>\r\n<li class=\"ace-line\" dir=\"auto\" data-node=\"true\"><span data-leaf=\"true\"><span class=\"lb\">2. Saska\u0146\u0101 ar normat\u012bvajiem aktiem vai p\u0113c administrat\u012bvo vai tiesu iest\u0101\u017eu piepras\u012bjuma;<\/span><\/span><\/li>\r\n<li class=\"ace-line\" dir=\"auto\" data-node=\"true\"><span data-leaf=\"true\"><span class=\"lb\">3. Uz\u0146\u0113muma likum\u012bgo intere\u0161u vai sabiedr\u012bbas intere\u0161u aizsardz\u012bba.<\/span><\/span><\/li>\r\n<\/ul>\r\n<div class=\"ace-line\" dir=\"auto\" data-node=\"true\"><span data-string=\"true\" data-enter=\"true\" data-leaf=\"true\">\u200b<\/span><\/div>\r\n<div class=\"ace-line heading-h2\" dir=\"auto\" data-node=\"true\"><strong><span class=\"lb\">VI. Lietot\u0101ju ties\u012bbas<\/span><\/strong><span data-string=\"true\" data-enter=\"true\" data-leaf=\"true\">\u200b<\/span><\/div>\r\n<div class=\"ace-line\" dir=\"auto\" data-node=\"true\"><span data-leaf=\"true\"><span class=\"lb\">Saska\u0146\u0101 ar likumu jums ir \u0161\u0101das ties\u012bbas:<\/span><\/span><\/div>\r\n<ul>\r\n<li class=\"ace-line\" dir=\"auto\" data-node=\"true\"><span data-leaf=\"true\"><span class=\"lb\">1. Piek\u013cuve personiskajai inform\u0101cijai;<\/span><\/span><\/li>\r\n<li class=\"ace-line\" dir=\"auto\" data-node=\"true\"><span data-leaf=\"true\"><span class=\"lb\">2. Piepras\u012bjums labot k\u013c\u016bdainu inform\u0101ciju;<\/span><\/span><\/li>\r\n<li class=\"ace-line\" dir=\"auto\" data-node=\"true\"><span data-leaf=\"true\"><span class=\"lb\">3. Piepras\u012bjums dz\u0113st lieko inform\u0101ciju;<\/span><\/span><\/li>\r\n<li class=\"ace-line\" dir=\"auto\" data-node=\"true\"><span data-leaf=\"true\"><span class=\"lb\">4. Inform\u0101cijas izmanto\u0161anas at\u013caujas atsauk\u0161ana.<\/span><\/span><\/li>\r\n<\/ul>\r\n<div class=\"ace-line\" dir=\"auto\" data-node=\"true\"><span data-leaf=\"true\"><span class=\"lb\">Ties\u012bbas var izmantot, izmantojot ofici\u0101l\u0101s t\u012bmek\u013ca vietnes kan\u0101lu \"Sazinieties ar mums\".<\/span><\/span><\/div>\r\n<div class=\"ace-line\" dir=\"auto\" data-node=\"true\"><strong>\u200b<\/strong><\/div>\r\n<div class=\"ace-line heading-h2\" dir=\"auto\" data-node=\"true\"><strong><span class=\"lb\">VII. Politikas atjaunin\u0101jumi<\/span><\/strong><span data-string=\"true\" data-enter=\"true\" data-leaf=\"true\">\u200b<\/span><\/div>\r\n<div class=\"ace-line\" dir=\"auto\" data-node=\"true\"><span data-leaf=\"true\"><span class=\"lb\">\u0160\u012b politika tiks piel\u0101gota atbilsto\u0161i izmai\u0146\u0101m noteikumos un uz\u0146\u0113m\u0113jdarb\u012bb\u0101, un p\u0113c atjaunin\u0101\u0161anas t\u0101 tiks public\u0113ta ofici\u0101l\u0101s t\u012bmek\u013ca vietnes s\u0101kumlap\u0101 un st\u0101sies sp\u0113k\u0101 p\u0113c 7 dien\u0101m p\u0113c public\u0113\u0161anas. M\u0113s iesak\u0101m regul\u0101ri p\u0101rskat\u012bt \u0161o politiku, un turpm\u0101ka t\u0101s lieto\u0161ana tiek uzskat\u012bta par piekri\u0161anu atjaunin\u0101jumiem.<\/span><\/span><\/div>\r\n<div class=\"ace-line\" dir=\"auto\" data-node=\"true\"><span data-string=\"true\" data-enter=\"true\" data-leaf=\"true\">\u200b<\/span><\/div>\r\n<div class=\"ace-line heading-h2\" dir=\"auto\" data-node=\"true\"><strong><span class=\"lb\">VIII. Kontaktinform\u0101cija<\/span><\/strong><span data-string=\"true\" data-enter=\"true\" data-leaf=\"true\">\u200b<\/span><\/div>\r\n<div class=\"ace-line\" dir=\"auto\" data-node=\"true\"><span data-leaf=\"true\"><span class=\"lb\">Ja jums ir jaut\u0101jumi par \u0161o politiku, varat sazin\u0101ties ar:<\/span><\/span><span data-string=\"true\" data-enter=\"true\" data-leaf=\"true\">\u200b<\/span><\/div>\r\n<div class=\"ace-line list-div\" dir=\"auto\" data-node=\"true\">\r\n<ul class=\"list-bullet1 r-list r-list-bullet\">\r\n<li><span data-leaf=\"true\"><span class=\"lb\">T\u0101lrunis: +86-574-88303209<\/span><\/span><span data-string=\"true\" data-enter=\"true\" data-leaf=\"true\">\u200b<\/span><\/li>\r\n<\/ul>\r\n<\/div>\r\n<div class=\"ace-line list-div\" dir=\"auto\" data-node=\"true\">\r\n<ul class=\"list-bullet1 r-list r-list-bullet\">\r\n<li><span data-leaf=\"true\"><span class=\"lb\">E-pasts: zhangq@linheplastic.com<\/span><\/span><span data-string=\"true\" data-enter=\"true\" data-leaf=\"true\">\u200b<\/span><\/li>\r\n<\/ul>\r\n<\/div>\r\n<div class=\"ace-line list-div\" dir=\"auto\" data-node=\"true\">\r\n<ul class=\"list-bullet1 r-list r-list-bullet\">\r\n<li><span data-leaf=\"true\"><span class=\"lb\">Adrese: Room 1601, Lei Mengde Building, No.10, Lane 818, Qian Henan Road, Yinzhou District, Ningbo, Zhejiang, China.<\/span><\/span><span data-string=\"true\" data-enter=\"true\" data-leaf=\"true\">\u200b<\/span><\/li>\r\n<\/ul>\r\n<\/div>\r\n<div class=\"ace-line\" dir=\"auto\" data-node=\"true\"><span data-leaf=\"true\"><span class=\"lb\">St\u0101\u0161an\u0101s sp\u0113k\u0101: 2025. gada 1. janv\u0101ris<\/span><\/span><\/div>","protected":false},"excerpt":{"rendered":"<p>\u4f01\u4e1a\u5b98\u7f51\u9690\u79c1\u653f\u7b56\u8bf4\u660e\u200b \u00a0 \u5b81\u6ce2\u8d85\u5408\u5851\u6599\u6709\u9650\u516c\u53f8\uff08\u4ee5\u4e0b\u7b80\u79f0 \u201c\u6211\u4eec\u201d\uff09\u81f4\u529b\u4e8e\u4fdd\u62a4\u7528\u6237\u9690\u79c1\uff0c\u7ef4\u62a4\u7528\u6237\u4fe1\u606f\u5b89\u5168\u3002\u4e3a [&hellip;]<\/p>","protected":false},"author":1,"featured_media":0,"parent":0,"menu_order":0,"comment_status":"closed","ping_status":"open","template":"single_ystk.php","meta":{"footnotes":""},"class_list":["post-3","page","type-page","status-publish","hentry"],"yoast_head":"<!-- This site is optimized with the Yoast SEO plugin v25.4 - https:\/\/yoast.com\/wordpress\/plugins\/seo\/ -->\n<title>\u9690\u79c1\u653f\u7b56 - \u5b81\u6ce2\u8d85\u5408\u5851\u6599\u6709\u9650\u516c\u53f8<\/title>\n<meta name=\"robots\" content=\"index, follow, max-snippet:-1, max-image-preview:large, max-video-preview:-1\" \/>\n<link rel=\"canonical\" href=\"https:\/\/www.nblhplastic.com\/ru\/\u043f\u043e\u043b\u0438\u0442\u0438\u043a\u0430-\u043a\u043e\u043d\u0444\u0438\u0434\u0435\u043d\u0446\u0438\u0430\u043b\u044c\u043d\u043e\u0441\u0442\u0438\" \/>\n<meta property=\"og:locale\" content=\"lv_LV\" \/>\n<meta property=\"og:type\" content=\"article\" \/>\n<meta property=\"og:title\" content=\"\u9690\u79c1\u653f\u7b56 - \u5b81\u6ce2\u8d85\u5408\u5851\u6599\u6709\u9650\u516c\u53f8\" \/>\n<meta property=\"og:description\" content=\"\u4f01\u4e1a\u5b98\u7f51\u9690\u79c1\u653f\u7b56\u8bf4\u660e\u200b \u00a0 \u5b81\u6ce2\u8d85\u5408\u5851\u6599\u6709\u9650\u516c\u53f8\uff08\u4ee5\u4e0b\u7b80\u79f0 \u201c\u6211\u4eec\u201d\uff09\u81f4\u529b\u4e8e\u4fdd\u62a4\u7528\u6237\u9690\u79c1\uff0c\u7ef4\u62a4\u7528\u6237\u4fe1\u606f\u5b89\u5168\u3002\u4e3a [&hellip;]\" \/>\n<meta property=\"og:url\" content=\"https:\/\/www.nblhplastic.com\/ru\/\u043f\u043e\u043b\u0438\u0442\u0438\u043a\u0430-\u043a\u043e\u043d\u0444\u0438\u0434\u0435\u043d\u0446\u0438\u0430\u043b\u044c\u043d\u043e\u0441\u0442\u0438\" \/>\n<meta property=\"og:site_name\" content=\"\u5b81\u6ce2\u8d85\u5408\u5851\u6599\u6709\u9650\u516c\u53f8\" \/>\n<meta property=\"article:modified_time\" content=\"2025-07-15T06:36:26+00:00\" \/>\n<meta name=\"twitter:card\" content=\"summary_large_image\" \/>\n<meta name=\"twitter:label1\" content=\"Est. reading time\" \/>\n\t<meta name=\"twitter:data1\" content=\"1 min\u016bte\" \/>\n<script type=\"application\/ld+json\" class=\"yoast-schema-graph\">{\"@context\":\"https:\/\/schema.org\",\"@graph\":[{\"@type\":\"WebPage\",\"@id\":\"https:\/\/www.nblhplastic.com\/ru\/%d0%bf%d0%be%d0%bb%d0%b8%d1%82%d0%b8%d0%ba%d0%b0-%d0%ba%d0%be%d0%bd%d1%84%d0%b8%d0%b4%d0%b5%d0%bd%d1%86%d0%b8%d0%b0%d0%bb%d1%8c%d0%bd%d0%be%d1%81%d1%82%d0%b8\",\"url\":\"https:\/\/www.nblhplastic.com\/ru\/%d0%bf%d0%be%d0%bb%d0%b8%d1%82%d0%b8%d0%ba%d0%b0-%d0%ba%d0%be%d0%bd%d1%84%d0%b8%d0%b4%d0%b5%d0%bd%d1%86%d0%b8%d0%b0%d0%bb%d1%8c%d0%bd%d0%be%d1%81%d1%82%d0%b8\",\"name\":\"\u9690\u79c1\u653f\u7b56 - \u5b81\u6ce2\u8d85\u5408\u5851\u6599\u6709\u9650\u516c\u53f8\",\"isPartOf\":{\"@id\":\"https:\/\/www.chaoheplastic.com\/#website\"},\"datePublished\":\"2025-06-17T07:19:20+00:00\",\"dateModified\":\"2025-07-15T06:36:26+00:00\",\"breadcrumb\":{\"@id\":\"https:\/\/www.nblhplastic.com\/ru\/%d0%bf%d0%be%d0%bb%d0%b8%d1%82%d0%b8%d0%ba%d0%b0-%d0%ba%d0%be%d0%bd%d1%84%d0%b8%d0%b4%d0%b5%d0%bd%d1%86%d0%b8%d0%b0%d0%bb%d1%8c%d0%bd%d0%be%d1%81%d1%82%d0%b8#breadcrumb\"},\"inLanguage\":\"lv-LV\",\"potentialAction\":[{\"@type\":\"ReadAction\",\"target\":[\"https:\/\/www.nblhplastic.com\/ru\/%d0%bf%d0%be%d0%bb%d0%b8%d1%82%d0%b8%d0%ba%d0%b0-%d0%ba%d0%be%d0%bd%d1%84%d0%b8%d0%b4%d0%b5%d0%bd%d1%86%d0%b8%d0%b0%d0%bb%d1%8c%d0%bd%d0%be%d1%81%d1%82%d0%b8\"]}]},{\"@type\":\"BreadcrumbList\",\"@id\":\"https:\/\/www.nblhplastic.com\/ru\/%d0%bf%d0%be%d0%bb%d0%b8%d1%82%d0%b8%d0%ba%d0%b0-%d0%ba%d0%be%d0%bd%d1%84%d0%b8%d0%b4%d0%b5%d0%bd%d1%86%d0%b8%d0%b0%d0%bb%d1%8c%d0%bd%d0%be%d1%81%d1%82%d0%b8#breadcrumb\",\"itemListElement\":[{\"@type\":\"ListItem\",\"position\":1,\"name\":\"\u9996\u9875\",\"item\":\"https:\/\/www.chaoheplastic.com\/\"},{\"@type\":\"ListItem\",\"position\":2,\"name\":\"\u9690\u79c1\u653f\u7b56\"}]},{\"@type\":\"WebSite\",\"@id\":\"https:\/\/www.chaoheplastic.com\/#website\",\"url\":\"https:\/\/www.chaoheplastic.com\/\",\"name\":\"\u5b81\u6ce2\u8d85\u5408\u5851\u6599\u6709\u9650\u516c\u53f8\",\"description\":\"\u5b81\u6ce2\u8d85\u5408\u5851\u6599\u6709\u9650\u516c\u53f8\u4f01\u4e1a\u5b98\u7f51\",\"publisher\":{\"@id\":\"https:\/\/www.chaoheplastic.com\/#organization\"},\"potentialAction\":[{\"@type\":\"SearchAction\",\"target\":{\"@type\":\"EntryPoint\",\"urlTemplate\":\"https:\/\/www.chaoheplastic.com\/?s={search_term_string}\"},\"query-input\":{\"@type\":\"PropertyValueSpecification\",\"valueRequired\":true,\"valueName\":\"search_term_string\"}}],\"inLanguage\":\"lv-LV\"},{\"@type\":\"Organization\",\"@id\":\"https:\/\/www.chaoheplastic.com\/#organization\",\"name\":\"\u5b81\u6ce2\u8d85\u5408\u5851\u6599\u6709\u9650\u516c\u53f8\",\"url\":\"https:\/\/www.chaoheplastic.com\/\",\"logo\":{\"@type\":\"ImageObject\",\"inLanguage\":\"lv-LV\",\"@id\":\"https:\/\/www.chaoheplastic.com\/#\/schema\/logo\/image\/\",\"url\":\"\/wp-content\/uploads\/2025\/06\/a028c7592e2e591b297bbd1505f7c62d.png\",\"contentUrl\":\"\/wp-content\/uploads\/2025\/06\/a028c7592e2e591b297bbd1505f7c62d.png\",\"width\":350,\"height\":77,\"caption\":\"\u5b81\u6ce2\u8d85\u5408\u5851\u6599\u6709\u9650\u516c\u53f8\"},\"image\":{\"@id\":\"https:\/\/www.chaoheplastic.com\/#\/schema\/logo\/image\/\"}}]}<\/script>\n<!-- \/ Yoast SEO plugin. -->","yoast_head_json":{"title":"\u9690\u79c1\u653f\u7b56 - \u5b81\u6ce2\u8d85\u5408\u5851\u6599\u6709\u9650\u516c\u53f8","robots":{"index":"index","follow":"follow","max-snippet":"max-snippet:-1","max-image-preview":"max-image-preview:large","max-video-preview":"max-video-preview:-1"},"canonical":"https:\/\/www.nblhplastic.com\/ru\/\u043f\u043e\u043b\u0438\u0442\u0438\u043a\u0430-\u043a\u043e\u043d\u0444\u0438\u0434\u0435\u043d\u0446\u0438\u0430\u043b\u044c\u043d\u043e\u0441\u0442\u0438","og_locale":"lv_LV","og_type":"article","og_title":"\u9690\u79c1\u653f\u7b56 - \u5b81\u6ce2\u8d85\u5408\u5851\u6599\u6709\u9650\u516c\u53f8","og_description":"\u4f01\u4e1a\u5b98\u7f51\u9690\u79c1\u653f\u7b56\u8bf4\u660e\u200b \u00a0 \u5b81\u6ce2\u8d85\u5408\u5851\u6599\u6709\u9650\u516c\u53f8\uff08\u4ee5\u4e0b\u7b80\u79f0 \u201c\u6211\u4eec\u201d\uff09\u81f4\u529b\u4e8e\u4fdd\u62a4\u7528\u6237\u9690\u79c1\uff0c\u7ef4\u62a4\u7528\u6237\u4fe1\u606f\u5b89\u5168\u3002\u4e3a [&hellip;]","og_url":"https:\/\/www.nblhplastic.com\/ru\/\u043f\u043e\u043b\u0438\u0442\u0438\u043a\u0430-\u043a\u043e\u043d\u0444\u0438\u0434\u0435\u043d\u0446\u0438\u0430\u043b\u044c\u043d\u043e\u0441\u0442\u0438","og_site_name":"\u5b81\u6ce2\u8d85\u5408\u5851\u6599\u6709\u9650\u516c\u53f8","article_modified_time":"2025-07-15T06:36:26+00:00","twitter_card":"summary_large_image","twitter_misc":{"Est. reading time":"1 min\u016bte"},"schema":{"@context":"https:\/\/schema.org","@graph":[{"@type":"WebPage","@id":"https:\/\/www.nblhplastic.com\/ru\/%d0%bf%d0%be%d0%bb%d0%b8%d1%82%d0%b8%d0%ba%d0%b0-%d0%ba%d0%be%d0%bd%d1%84%d0%b8%d0%b4%d0%b5%d0%bd%d1%86%d0%b8%d0%b0%d0%bb%d1%8c%d0%bd%d0%be%d1%81%d1%82%d0%b8","url":"https:\/\/www.nblhplastic.com\/ru\/%d0%bf%d0%be%d0%bb%d0%b8%d1%82%d0%b8%d0%ba%d0%b0-%d0%ba%d0%be%d0%bd%d1%84%d0%b8%d0%b4%d0%b5%d0%bd%d1%86%d0%b8%d0%b0%d0%bb%d1%8c%d0%bd%d0%be%d1%81%d1%82%d0%b8","name":"\u9690\u79c1\u653f\u7b56 - \u5b81\u6ce2\u8d85\u5408\u5851\u6599\u6709\u9650\u516c\u53f8","isPartOf":{"@id":"https:\/\/www.chaoheplastic.com\/#website"},"datePublished":"2025-06-17T07:19:20+00:00","dateModified":"2025-07-15T06:36:26+00:00","breadcrumb":{"@id":"https:\/\/www.nblhplastic.com\/ru\/%d0%bf%d0%be%d0%bb%d0%b8%d1%82%d0%b8%d0%ba%d0%b0-%d0%ba%d0%be%d0%bd%d1%84%d0%b8%d0%b4%d0%b5%d0%bd%d1%86%d0%b8%d0%b0%d0%bb%d1%8c%d0%bd%d0%be%d1%81%d1%82%d0%b8#breadcrumb"},"inLanguage":"lv-LV","potentialAction":[{"@type":"ReadAction","target":["https:\/\/www.nblhplastic.com\/ru\/%d0%bf%d0%be%d0%bb%d0%b8%d1%82%d0%b8%d0%ba%d0%b0-%d0%ba%d0%be%d0%bd%d1%84%d0%b8%d0%b4%d0%b5%d0%bd%d1%86%d0%b8%d0%b0%d0%bb%d1%8c%d0%bd%d0%be%d1%81%d1%82%d0%b8"]}]},{"@type":"BreadcrumbList","@id":"https:\/\/www.nblhplastic.com\/ru\/%d0%bf%d0%be%d0%bb%d0%b8%d1%82%d0%b8%d0%ba%d0%b0-%d0%ba%d0%be%d0%bd%d1%84%d0%b8%d0%b4%d0%b5%d0%bd%d1%86%d0%b8%d0%b0%d0%bb%d1%8c%d0%bd%d0%be%d1%81%d1%82%d0%b8#breadcrumb","itemListElement":[{"@type":"ListItem","position":1,"name":"\u9996\u9875","item":"https:\/\/www.chaoheplastic.com\/"},{"@type":"ListItem","position":2,"name":"\u9690\u79c1\u653f\u7b56"}]},{"@type":"WebSite","@id":"https:\/\/www.chaoheplastic.com\/#website","url":"https:\/\/www.chaoheplastic.com\/","name":"\u5b81\u6ce2\u8d85\u5408\u5851\u6599\u6709\u9650\u516c\u53f8","description":"\u5b81\u6ce2\u8d85\u5408\u5851\u6599\u6709\u9650\u516c\u53f8\u4f01\u4e1a\u5b98\u7f51","publisher":{"@id":"https:\/\/www.chaoheplastic.com\/#organization"},"potentialAction":[{"@type":"SearchAction","target":{"@type":"EntryPoint","urlTemplate":"https:\/\/www.chaoheplastic.com\/?s={search_term_string}"},"query-input":{"@type":"PropertyValueSpecification","valueRequired":true,"valueName":"search_term_string"}}],"inLanguage":"lv-LV"},{"@type":"Organization","@id":"https:\/\/www.chaoheplastic.com\/#organization","name":"\u5b81\u6ce2\u8d85\u5408\u5851\u6599\u6709\u9650\u516c\u53f8","url":"https:\/\/www.chaoheplastic.com\/","logo":{"@type":"ImageObject","inLanguage":"lv-LV","@id":"https:\/\/www.chaoheplastic.com\/#\/schema\/logo\/image\/","url":"\/wp-content\/uploads\/2025\/06\/a028c7592e2e591b297bbd1505f7c62d.png","contentUrl":"\/wp-content\/uploads\/2025\/06\/a028c7592e2e591b297bbd1505f7c62d.png","width":350,"height":77,"caption":"\u5b81\u6ce2\u8d85\u5408\u5851\u6599\u6709\u9650\u516c\u53f8"},"image":{"@id":"https:\/\/www.chaoheplastic.com\/#\/schema\/logo\/image\/"}}]}},"jetpack_sharing_enabled":true,"_links":{"self":[{"href":"https:\/\/www.chaoheplastic.com\/lv\/wp-json\/wp\/v2\/pages\/3","targetHints":{"allow":["GET"]}}],"collection":[{"href":"https:\/\/www.chaoheplastic.com\/lv\/wp-json\/wp\/v2\/pages"}],"about":[{"href":"https:\/\/www.chaoheplastic.com\/lv\/wp-json\/wp\/v2\/types\/page"}],"author":[{"embeddable":true,"href":"https:\/\/www.chaoheplastic.com\/lv\/wp-json\/wp\/v2\/users\/1"}],"replies":[{"embeddable":true,"href":"https:\/\/www.chaoheplastic.com\/lv\/wp-json\/wp\/v2\/comments?post=3"}],"version-history":[{"count":3,"href":"https:\/\/www.chaoheplastic.com\/lv\/wp-json\/wp\/v2\/pages\/3\/revisions"}],"predecessor-version":[{"id":380,"href":"https:\/\/www.chaoheplastic.com\/lv\/wp-json\/wp\/v2\/pages\/3\/revisions\/380"}],"wp:attachment":[{"href":"https:\/\/www.chaoheplastic.com\/lv\/wp-json\/wp\/v2\/media?parent=3"}],"curies":[{"name":"wp","href":"https:\/\/api.w.org\/{rel}","templated":true}]}}