{"id":3,"date":"2025-06-17T15:19:20","date_gmt":"2025-06-17T07:19:20","guid":{"rendered":"http:\/\/new.nblhplastic.com\/?page_id=3"},"modified":"2025-07-15T14:36:26","modified_gmt":"2025-07-15T06:36:26","slug":"politique-de-confidentialite","status":"publish","type":"page","link":"https:\/\/www.chaoheplastic.com\/fr\/politique-de-confidentialite","title":{"rendered":"politique de confidentialit\u00e9"},"content":{"rendered":"<h1 class=\"ace-line heading-h1 wp-block-heading\" dir=\"auto\" style=\"text-align: center;\" data-node=\"true\"><strong><span class=\"lb\">D\u00e9claration de politique de confidentialit\u00e9 du site web de l'entreprise<\/span><\/strong><span data-string=\"true\" data-enter=\"true\" data-leaf=\"true\">\u200b<\/span><\/h1>\r\n<div dir=\"auto\" data-node=\"true\">\u00a0<\/div>\r\n<div class=\"ace-line\" dir=\"auto\" data-node=\"true\"><span data-leaf=\"true\"><span class=\"lb\">Ningbo Chaohe Plastic Co., Ltd (ci-apr\u00e8s d\u00e9nomm\u00e9e \"nous\") s'engage \u00e0 prot\u00e9ger la vie priv\u00e9e des utilisateurs et \u00e0 assurer la s\u00e9curit\u00e9 de leurs informations. Afin de clarifier les r\u00e8gles de collecte et d'utilisation des informations, cette politique est formul\u00e9e pour votre compr\u00e9hension et votre choix.<\/span><\/span><\/div>\r\n<div class=\"ace-line\" dir=\"auto\" data-node=\"true\"><span data-string=\"true\" data-enter=\"true\" data-leaf=\"true\">\u200b<\/span><\/div>\r\n<div class=\"ace-line heading-h2\" dir=\"auto\" data-node=\"true\"><strong><span class=\"lb\">I. Champ d'application<\/span><\/strong><span data-string=\"true\" data-enter=\"true\" data-leaf=\"true\">\u200b<\/span><\/div>\r\n<div class=\"ace-line\" dir=\"auto\" data-node=\"true\"><span data-leaf=\"true\"><span class=\"lb\">Cette politique s'applique \u00e0 tous les utilisateurs qui visitent notre site web, y compris, mais sans s'y limiter, pour consulter des informations, soumettre des demandes et s'inscrire en tant que membre. Si vous utilisez des liens de tiers pour acc\u00e9der \u00e0 d'autres plateformes, leurs politiques de confidentialit\u00e9 sont d\u00e9finies s\u00e9par\u00e9ment.<\/span><\/span><\/div>\r\n<div class=\"ace-line\" dir=\"auto\" data-node=\"true\"><span data-string=\"true\" data-enter=\"true\" data-leaf=\"true\">\u200b<\/span><\/div>\r\n<div class=\"ace-line heading-h2\" dir=\"auto\" data-node=\"true\"><strong><span class=\"lb\">II. collecte d'informations<\/span><\/strong><span data-string=\"true\" data-enter=\"true\" data-leaf=\"true\">\u200b<\/span><\/div>\r\n<div class=\"ace-line\" dir=\"auto\" data-node=\"true\"><span data-leaf=\"true\"><span class=\"lb\">Les informations que nous recueillons sont les suivantes :<\/span><\/span><\/div>\r\n<ul>\r\n<li class=\"ace-line\" dir=\"auto\" data-node=\"true\"><span data-leaf=\"true\"><span class=\"lb\">1. les informations de contact telles que le nom, le num\u00e9ro de t\u00e9l\u00e9phone, l'adresse \u00e9lectronique, etc. que vous avez fournies volontairement ;<\/span><\/span><\/li>\r\n<li class=\"ace-line\" dir=\"auto\" data-node=\"true\"><span data-leaf=\"true\"><span class=\"lb\">2. les donn\u00e9es relatives \u00e0 l'utilisation du site web, telles que les pages visit\u00e9es, la dur\u00e9e du s\u00e9jour, etc ;<\/span><\/span><\/li>\r\n<li class=\"ace-line\" dir=\"auto\" data-node=\"true\"><span data-leaf=\"true\"><span class=\"lb\">3. les informations relatives \u00e0 l'appareil, telles que l'adresse IP, le type de navigateur, etc.<\/span><\/span><\/li>\r\n<\/ul>\r\n<p><span data-leaf=\"true\"><span class=\"lb\">Les informations ci-dessus sont destin\u00e9es uniquement \u00e0 la communication commerciale et \u00e0 l'optimisation des services.<\/span><\/span><\/p>\r\n<div class=\"ace-line\" dir=\"auto\" data-node=\"true\"><span data-string=\"true\" data-enter=\"true\" data-leaf=\"true\">\u200b<\/span><\/div>\r\n<div class=\"ace-line heading-h2\" dir=\"auto\" data-node=\"true\"><strong><span class=\"lb\">III. utilisation de l'information<\/span><\/strong><span data-string=\"true\" data-enter=\"true\" data-leaf=\"true\">\u200b<\/span><\/div>\r\n<div class=\"ace-line\" dir=\"auto\" data-node=\"true\"><span data-leaf=\"true\"><span class=\"lb\">Les informations recueillies seront utilis\u00e9es :<\/span><\/span><\/div>\r\n<ul>\r\n<li class=\"ace-line\" dir=\"auto\" data-node=\"true\"><span data-leaf=\"true\"><span class=\"lb\">1. r\u00e9pondre \u00e0 vos demandes et \u00e0 vos besoins ;<\/span><\/span><\/li>\r\n<li class=\"ace-line\" dir=\"auto\" data-node=\"true\"><span data-leaf=\"true\"><span class=\"lb\">2. fournir des recommandations de service personnalis\u00e9es ;<\/span><\/span><\/li>\r\n<li class=\"ace-line\" dir=\"auto\" data-node=\"true\"><span data-leaf=\"true\"><span class=\"lb\">3. l'am\u00e9lioration de la fonctionnalit\u00e9 du site web et de l'exp\u00e9rience de l'utilisateur ;<\/span><\/span><\/li>\r\n<li class=\"ace-line\" dir=\"auto\" data-node=\"true\"><span data-leaf=\"true\"><span class=\"lb\">4. envoyer des notifications commerciales (vous pouvez vous d\u00e9sinscrire \u00e0 tout moment).<\/span><\/span><\/li>\r\n<\/ul>\r\n<p><span data-leaf=\"true\"><span class=\"lb\">Ne jamais l'utiliser \u00e0 d'autres fins sans autorisation.<\/span><\/span><\/p>\r\n<div class=\"ace-line\" dir=\"auto\" data-node=\"true\"><span data-string=\"true\" data-enter=\"true\" data-leaf=\"true\">\u200b<\/span><\/div>\r\n<div class=\"ace-line heading-h2\" dir=\"auto\" data-node=\"true\"><strong><span class=\"lb\">IV. protection de l'information<\/span><\/strong><span data-string=\"true\" data-enter=\"true\" data-leaf=\"true\">\u200b<\/span><\/div>\r\n<div class=\"ace-line\" dir=\"auto\" data-node=\"true\"><span data-leaf=\"true\"><span class=\"lb\">Nous utilisons plusieurs mesures de s\u00e9curit\u00e9 pour prot\u00e9ger les informations :<\/span><\/span><\/div>\r\n<ul>\r\n<li class=\"ace-line\" dir=\"auto\" data-node=\"true\"><span data-leaf=\"true\"><span class=\"lb\">1. les techniques de cryptage pour la transmission des donn\u00e9es ;<\/span><\/span><\/li>\r\n<li class=\"ace-line\" dir=\"auto\" data-node=\"true\"><span data-leaf=\"true\"><span class=\"lb\">2. la gestion hi\u00e9rarchique de l'autorit\u00e9 ;<\/span><\/span><\/li>\r\n<li class=\"ace-line\" dir=\"auto\" data-node=\"true\"><span data-leaf=\"true\"><span class=\"lb\">3. des audits de s\u00e9curit\u00e9 p\u00e9riodiques.<\/span><\/span><\/li>\r\n<li class=\"ace-line\" dir=\"auto\" data-node=\"true\"><span data-leaf=\"true\"><span class=\"lb\">Les employ\u00e9s sont tenus de signer un accord de confidentialit\u00e9 et seront tenus responsables en cas de violation.<\/span><\/span><\/li>\r\n<\/ul>\r\n<div class=\"ace-line\" dir=\"auto\" data-node=\"true\"><span data-string=\"true\" data-enter=\"true\" data-leaf=\"true\">\u200b<\/span><\/div>\r\n<div class=\"ace-line heading-h2\" dir=\"auto\" data-node=\"true\"><strong><span class=\"lb\">V. Partage d'informations<\/span><\/strong><span data-string=\"true\" data-enter=\"true\" data-leaf=\"true\">\u200b<\/span><\/div>\r\n<div class=\"ace-line\" dir=\"auto\" data-node=\"true\"><span data-leaf=\"true\"><span class=\"lb\">Vos informations ne seront jamais divulgu\u00e9es \u00e0 un tiers, sauf dans les circonstances suivantes :<\/span><\/span><\/div>\r\n<ul>\r\n<li class=\"ace-line\" dir=\"auto\" data-node=\"true\"><span data-leaf=\"true\"><span class=\"lb\">1) Obtenir votre autorisation expresse ;<\/span><\/span><\/li>\r\n<li class=\"ace-line\" dir=\"auto\" data-node=\"true\"><span data-leaf=\"true\"><span class=\"lb\">2. conform\u00e9ment aux lois et r\u00e8glements ou \u00e0 la demande des autorit\u00e9s administratives ou judiciaires ;<\/span><\/span><\/li>\r\n<li class=\"ace-line\" dir=\"auto\" data-node=\"true\"><span data-leaf=\"true\"><span class=\"lb\">3. la protection des int\u00e9r\u00eats l\u00e9gitimes de l'entreprise ou de l'int\u00e9r\u00eat public.<\/span><\/span><\/li>\r\n<\/ul>\r\n<div class=\"ace-line\" dir=\"auto\" data-node=\"true\"><span data-string=\"true\" data-enter=\"true\" data-leaf=\"true\">\u200b<\/span><\/div>\r\n<div class=\"ace-line heading-h2\" dir=\"auto\" data-node=\"true\"><strong><span class=\"lb\">VI. droits des utilisateurs<\/span><\/strong><span data-string=\"true\" data-enter=\"true\" data-leaf=\"true\">\u200b<\/span><\/div>\r\n<div class=\"ace-line\" dir=\"auto\" data-node=\"true\"><span data-leaf=\"true\"><span class=\"lb\">La loi vous conf\u00e8re les droits suivants :<\/span><\/span><\/div>\r\n<ul>\r\n<li class=\"ace-line\" dir=\"auto\" data-node=\"true\"><span data-leaf=\"true\"><span class=\"lb\">1. l'acc\u00e8s aux informations personnelles ;<\/span><\/span><\/li>\r\n<li class=\"ace-line\" dir=\"auto\" data-node=\"true\"><span data-leaf=\"true\"><span class=\"lb\">2. demande de correction d'informations erron\u00e9es ;<\/span><\/span><\/li>\r\n<li class=\"ace-line\" dir=\"auto\" data-node=\"true\"><span data-leaf=\"true\"><span class=\"lb\">3. demande de suppression des informations redondantes ;<\/span><\/span><\/li>\r\n<li class=\"ace-line\" dir=\"auto\" data-node=\"true\"><span data-leaf=\"true\"><span class=\"lb\">4. le retrait de l'autorisation d'utiliser les informations.<\/span><\/span><\/li>\r\n<\/ul>\r\n<div class=\"ace-line\" dir=\"auto\" data-node=\"true\"><span data-leaf=\"true\"><span class=\"lb\">L'exercice des droits peut \u00eatre soumis par l'interm\u00e9diaire du canal \"Contactez-nous\" sur le site web officiel.<\/span><\/span><\/div>\r\n<div class=\"ace-line\" dir=\"auto\" data-node=\"true\"><strong>\u200b<\/strong><\/div>\r\n<div class=\"ace-line heading-h2\" dir=\"auto\" data-node=\"true\"><strong><span class=\"lb\">VII. mise \u00e0 jour des politiques<\/span><\/strong><span data-string=\"true\" data-enter=\"true\" data-leaf=\"true\">\u200b<\/span><\/div>\r\n<div class=\"ace-line\" dir=\"auto\" data-node=\"true\"><span data-leaf=\"true\"><span class=\"lb\">Cette politique sera adapt\u00e9e en fonction des modifications apport\u00e9es \u00e0 la r\u00e9glementation et aux activit\u00e9s, et sera publi\u00e9e sur la page d'accueil du site web officiel apr\u00e8s la mise \u00e0 jour. Elle entrera en vigueur apr\u00e8s 7 jours de publicit\u00e9. Nous vous recommandons de consulter r\u00e9guli\u00e8rement cette politique, et le fait de continuer \u00e0 l'utiliser est consid\u00e9r\u00e9 comme une approbation des mises \u00e0 jour.<\/span><\/span><\/div>\r\n<div class=\"ace-line\" dir=\"auto\" data-node=\"true\"><span data-string=\"true\" data-enter=\"true\" data-leaf=\"true\">\u200b<\/span><\/div>\r\n<div class=\"ace-line heading-h2\" dir=\"auto\" data-node=\"true\"><strong><span class=\"lb\">VIII. coordonn\u00e9es<\/span><\/strong><span data-string=\"true\" data-enter=\"true\" data-leaf=\"true\">\u200b<\/span><\/div>\r\n<div class=\"ace-line\" dir=\"auto\" data-node=\"true\"><span data-leaf=\"true\"><span class=\"lb\">Si vous avez des questions concernant cette politique, vous pouvez contacter la personne suivante :<\/span><\/span><span data-string=\"true\" data-enter=\"true\" data-leaf=\"true\">\u200b<\/span><\/div>\r\n<div class=\"ace-line list-div\" dir=\"auto\" data-node=\"true\">\r\n<ul class=\"list-bullet1 r-list r-list-bullet\">\r\n<li><span data-leaf=\"true\"><span class=\"lb\">T\u00e9l : +86-574-88303209<\/span><\/span><span data-string=\"true\" data-enter=\"true\" data-leaf=\"true\">\u200b<\/span><\/li>\r\n<\/ul>\r\n<\/div>\r\n<div class=\"ace-line list-div\" dir=\"auto\" data-node=\"true\">\r\n<ul class=\"list-bullet1 r-list r-list-bullet\">\r\n<li><span data-leaf=\"true\"><span class=\"lb\">Courriel : zhangq@linheplastic.com<\/span><\/span><span data-string=\"true\" data-enter=\"true\" data-leaf=\"true\">\u200b<\/span><\/li>\r\n<\/ul>\r\n<\/div>\r\n<div class=\"ace-line list-div\" dir=\"auto\" data-node=\"true\">\r\n<ul class=\"list-bullet1 r-list r-list-bullet\">\r\n<li><span data-leaf=\"true\"><span class=\"lb\">Adresse : Room 1601, Lei Mengde Building, No.10, Lane 818, Qian Henan Road, Yinzhou District, Ningbo, Zhejiang, Chine.<\/span><\/span><span data-string=\"true\" data-enter=\"true\" data-leaf=\"true\">\u200b<\/span><\/li>\r\n<\/ul>\r\n<\/div>\r\n<div class=\"ace-line\" dir=\"auto\" data-node=\"true\"><span data-leaf=\"true\"><span class=\"lb\">Entr\u00e9e en vigueur : 1er janvier 2025<\/span><\/span><\/div>","protected":false},"excerpt":{"rendered":"<p>\u4f01\u4e1a\u5b98\u7f51\u9690\u79c1\u653f\u7b56\u8bf4\u660e\u200b \u00a0 \u5b81\u6ce2\u8d85\u5408\u5851\u6599\u6709\u9650\u516c\u53f8\uff08\u4ee5\u4e0b\u7b80\u79f0 \u201c\u6211\u4eec\u201d\uff09\u81f4\u529b\u4e8e\u4fdd\u62a4\u7528\u6237\u9690\u79c1\uff0c\u7ef4\u62a4\u7528\u6237\u4fe1\u606f\u5b89\u5168\u3002\u4e3a [&hellip;]<\/p>","protected":false},"author":1,"featured_media":0,"parent":0,"menu_order":0,"comment_status":"closed","ping_status":"open","template":"single_ystk.php","meta":{"footnotes":""},"class_list":["post-3","page","type-page","status-publish","hentry"],"yoast_head":"<!-- This site is optimized with the Yoast SEO plugin v25.4 - https:\/\/yoast.com\/wordpress\/plugins\/seo\/ -->\n<title>\u9690\u79c1\u653f\u7b56 - \u5b81\u6ce2\u8d85\u5408\u5851\u6599\u6709\u9650\u516c\u53f8<\/title>\n<meta name=\"robots\" content=\"index, follow, max-snippet:-1, max-image-preview:large, max-video-preview:-1\" \/>\n<link rel=\"canonical\" href=\"https:\/\/www.nblhplastic.com\/ru\/\u043f\u043e\u043b\u0438\u0442\u0438\u043a\u0430-\u043a\u043e\u043d\u0444\u0438\u0434\u0435\u043d\u0446\u0438\u0430\u043b\u044c\u043d\u043e\u0441\u0442\u0438\" \/>\n<meta property=\"og:locale\" content=\"fr_FR\" \/>\n<meta property=\"og:type\" content=\"article\" \/>\n<meta property=\"og:title\" content=\"\u9690\u79c1\u653f\u7b56 - \u5b81\u6ce2\u8d85\u5408\u5851\u6599\u6709\u9650\u516c\u53f8\" \/>\n<meta property=\"og:description\" content=\"\u4f01\u4e1a\u5b98\u7f51\u9690\u79c1\u653f\u7b56\u8bf4\u660e\u200b \u00a0 \u5b81\u6ce2\u8d85\u5408\u5851\u6599\u6709\u9650\u516c\u53f8\uff08\u4ee5\u4e0b\u7b80\u79f0 \u201c\u6211\u4eec\u201d\uff09\u81f4\u529b\u4e8e\u4fdd\u62a4\u7528\u6237\u9690\u79c1\uff0c\u7ef4\u62a4\u7528\u6237\u4fe1\u606f\u5b89\u5168\u3002\u4e3a [&hellip;]\" \/>\n<meta property=\"og:url\" content=\"https:\/\/www.nblhplastic.com\/ru\/\u043f\u043e\u043b\u0438\u0442\u0438\u043a\u0430-\u043a\u043e\u043d\u0444\u0438\u0434\u0435\u043d\u0446\u0438\u0430\u043b\u044c\u043d\u043e\u0441\u0442\u0438\" \/>\n<meta property=\"og:site_name\" content=\"\u5b81\u6ce2\u8d85\u5408\u5851\u6599\u6709\u9650\u516c\u53f8\" \/>\n<meta property=\"article:modified_time\" content=\"2025-07-15T06:36:26+00:00\" \/>\n<meta name=\"twitter:card\" content=\"summary_large_image\" \/>\n<meta name=\"twitter:label1\" content=\"Dur\u00e9e de lecture estim\u00e9e\" \/>\n\t<meta name=\"twitter:data1\" content=\"1 minute\" \/>\n<script type=\"application\/ld+json\" class=\"yoast-schema-graph\">{\"@context\":\"https:\/\/schema.org\",\"@graph\":[{\"@type\":\"WebPage\",\"@id\":\"https:\/\/www.nblhplastic.com\/ru\/%d0%bf%d0%be%d0%bb%d0%b8%d1%82%d0%b8%d0%ba%d0%b0-%d0%ba%d0%be%d0%bd%d1%84%d0%b8%d0%b4%d0%b5%d0%bd%d1%86%d0%b8%d0%b0%d0%bb%d1%8c%d0%bd%d0%be%d1%81%d1%82%d0%b8\",\"url\":\"https:\/\/www.nblhplastic.com\/ru\/%d0%bf%d0%be%d0%bb%d0%b8%d1%82%d0%b8%d0%ba%d0%b0-%d0%ba%d0%be%d0%bd%d1%84%d0%b8%d0%b4%d0%b5%d0%bd%d1%86%d0%b8%d0%b0%d0%bb%d1%8c%d0%bd%d0%be%d1%81%d1%82%d0%b8\",\"name\":\"\u9690\u79c1\u653f\u7b56 - \u5b81\u6ce2\u8d85\u5408\u5851\u6599\u6709\u9650\u516c\u53f8\",\"isPartOf\":{\"@id\":\"https:\/\/www.chaoheplastic.com\/#website\"},\"datePublished\":\"2025-06-17T07:19:20+00:00\",\"dateModified\":\"2025-07-15T06:36:26+00:00\",\"breadcrumb\":{\"@id\":\"https:\/\/www.nblhplastic.com\/ru\/%d0%bf%d0%be%d0%bb%d0%b8%d1%82%d0%b8%d0%ba%d0%b0-%d0%ba%d0%be%d0%bd%d1%84%d0%b8%d0%b4%d0%b5%d0%bd%d1%86%d0%b8%d0%b0%d0%bb%d1%8c%d0%bd%d0%be%d1%81%d1%82%d0%b8#breadcrumb\"},\"inLanguage\":\"fr-FR\",\"potentialAction\":[{\"@type\":\"ReadAction\",\"target\":[\"https:\/\/www.nblhplastic.com\/ru\/%d0%bf%d0%be%d0%bb%d0%b8%d1%82%d0%b8%d0%ba%d0%b0-%d0%ba%d0%be%d0%bd%d1%84%d0%b8%d0%b4%d0%b5%d0%bd%d1%86%d0%b8%d0%b0%d0%bb%d1%8c%d0%bd%d0%be%d1%81%d1%82%d0%b8\"]}]},{\"@type\":\"BreadcrumbList\",\"@id\":\"https:\/\/www.nblhplastic.com\/ru\/%d0%bf%d0%be%d0%bb%d0%b8%d1%82%d0%b8%d0%ba%d0%b0-%d0%ba%d0%be%d0%bd%d1%84%d0%b8%d0%b4%d0%b5%d0%bd%d1%86%d0%b8%d0%b0%d0%bb%d1%8c%d0%bd%d0%be%d1%81%d1%82%d0%b8#breadcrumb\",\"itemListElement\":[{\"@type\":\"ListItem\",\"position\":1,\"name\":\"\u9996\u9875\",\"item\":\"https:\/\/www.chaoheplastic.com\/\"},{\"@type\":\"ListItem\",\"position\":2,\"name\":\"\u9690\u79c1\u653f\u7b56\"}]},{\"@type\":\"WebSite\",\"@id\":\"https:\/\/www.chaoheplastic.com\/#website\",\"url\":\"https:\/\/www.chaoheplastic.com\/\",\"name\":\"\u5b81\u6ce2\u8d85\u5408\u5851\u6599\u6709\u9650\u516c\u53f8\",\"description\":\"\u5b81\u6ce2\u8d85\u5408\u5851\u6599\u6709\u9650\u516c\u53f8\u4f01\u4e1a\u5b98\u7f51\",\"publisher\":{\"@id\":\"https:\/\/www.chaoheplastic.com\/#organization\"},\"potentialAction\":[{\"@type\":\"SearchAction\",\"target\":{\"@type\":\"EntryPoint\",\"urlTemplate\":\"https:\/\/www.chaoheplastic.com\/?s={search_term_string}\"},\"query-input\":{\"@type\":\"PropertyValueSpecification\",\"valueRequired\":true,\"valueName\":\"search_term_string\"}}],\"inLanguage\":\"fr-FR\"},{\"@type\":\"Organization\",\"@id\":\"https:\/\/www.chaoheplastic.com\/#organization\",\"name\":\"\u5b81\u6ce2\u8d85\u5408\u5851\u6599\u6709\u9650\u516c\u53f8\",\"url\":\"https:\/\/www.chaoheplastic.com\/\",\"logo\":{\"@type\":\"ImageObject\",\"inLanguage\":\"fr-FR\",\"@id\":\"https:\/\/www.chaoheplastic.com\/#\/schema\/logo\/image\/\",\"url\":\"\/wp-content\/uploads\/2025\/06\/a028c7592e2e591b297bbd1505f7c62d.png\",\"contentUrl\":\"\/wp-content\/uploads\/2025\/06\/a028c7592e2e591b297bbd1505f7c62d.png\",\"width\":350,\"height\":77,\"caption\":\"\u5b81\u6ce2\u8d85\u5408\u5851\u6599\u6709\u9650\u516c\u53f8\"},\"image\":{\"@id\":\"https:\/\/www.chaoheplastic.com\/#\/schema\/logo\/image\/\"}}]}<\/script>\n<!-- \/ Yoast SEO plugin. -->","yoast_head_json":{"title":"\u9690\u79c1\u653f\u7b56 - \u5b81\u6ce2\u8d85\u5408\u5851\u6599\u6709\u9650\u516c\u53f8","robots":{"index":"index","follow":"follow","max-snippet":"max-snippet:-1","max-image-preview":"max-image-preview:large","max-video-preview":"max-video-preview:-1"},"canonical":"https:\/\/www.nblhplastic.com\/ru\/\u043f\u043e\u043b\u0438\u0442\u0438\u043a\u0430-\u043a\u043e\u043d\u0444\u0438\u0434\u0435\u043d\u0446\u0438\u0430\u043b\u044c\u043d\u043e\u0441\u0442\u0438","og_locale":"fr_FR","og_type":"article","og_title":"\u9690\u79c1\u653f\u7b56 - \u5b81\u6ce2\u8d85\u5408\u5851\u6599\u6709\u9650\u516c\u53f8","og_description":"\u4f01\u4e1a\u5b98\u7f51\u9690\u79c1\u653f\u7b56\u8bf4\u660e\u200b \u00a0 \u5b81\u6ce2\u8d85\u5408\u5851\u6599\u6709\u9650\u516c\u53f8\uff08\u4ee5\u4e0b\u7b80\u79f0 \u201c\u6211\u4eec\u201d\uff09\u81f4\u529b\u4e8e\u4fdd\u62a4\u7528\u6237\u9690\u79c1\uff0c\u7ef4\u62a4\u7528\u6237\u4fe1\u606f\u5b89\u5168\u3002\u4e3a [&hellip;]","og_url":"https:\/\/www.nblhplastic.com\/ru\/\u043f\u043e\u043b\u0438\u0442\u0438\u043a\u0430-\u043a\u043e\u043d\u0444\u0438\u0434\u0435\u043d\u0446\u0438\u0430\u043b\u044c\u043d\u043e\u0441\u0442\u0438","og_site_name":"\u5b81\u6ce2\u8d85\u5408\u5851\u6599\u6709\u9650\u516c\u53f8","article_modified_time":"2025-07-15T06:36:26+00:00","twitter_card":"summary_large_image","twitter_misc":{"Dur\u00e9e de lecture estim\u00e9e":"1 minute"},"schema":{"@context":"https:\/\/schema.org","@graph":[{"@type":"WebPage","@id":"https:\/\/www.nblhplastic.com\/ru\/%d0%bf%d0%be%d0%bb%d0%b8%d1%82%d0%b8%d0%ba%d0%b0-%d0%ba%d0%be%d0%bd%d1%84%d0%b8%d0%b4%d0%b5%d0%bd%d1%86%d0%b8%d0%b0%d0%bb%d1%8c%d0%bd%d0%be%d1%81%d1%82%d0%b8","url":"https:\/\/www.nblhplastic.com\/ru\/%d0%bf%d0%be%d0%bb%d0%b8%d1%82%d0%b8%d0%ba%d0%b0-%d0%ba%d0%be%d0%bd%d1%84%d0%b8%d0%b4%d0%b5%d0%bd%d1%86%d0%b8%d0%b0%d0%bb%d1%8c%d0%bd%d0%be%d1%81%d1%82%d0%b8","name":"\u9690\u79c1\u653f\u7b56 - \u5b81\u6ce2\u8d85\u5408\u5851\u6599\u6709\u9650\u516c\u53f8","isPartOf":{"@id":"https:\/\/www.chaoheplastic.com\/#website"},"datePublished":"2025-06-17T07:19:20+00:00","dateModified":"2025-07-15T06:36:26+00:00","breadcrumb":{"@id":"https:\/\/www.nblhplastic.com\/ru\/%d0%bf%d0%be%d0%bb%d0%b8%d1%82%d0%b8%d0%ba%d0%b0-%d0%ba%d0%be%d0%bd%d1%84%d0%b8%d0%b4%d0%b5%d0%bd%d1%86%d0%b8%d0%b0%d0%bb%d1%8c%d0%bd%d0%be%d1%81%d1%82%d0%b8#breadcrumb"},"inLanguage":"fr-FR","potentialAction":[{"@type":"ReadAction","target":["https:\/\/www.nblhplastic.com\/ru\/%d0%bf%d0%be%d0%bb%d0%b8%d1%82%d0%b8%d0%ba%d0%b0-%d0%ba%d0%be%d0%bd%d1%84%d0%b8%d0%b4%d0%b5%d0%bd%d1%86%d0%b8%d0%b0%d0%bb%d1%8c%d0%bd%d0%be%d1%81%d1%82%d0%b8"]}]},{"@type":"BreadcrumbList","@id":"https:\/\/www.nblhplastic.com\/ru\/%d0%bf%d0%be%d0%bb%d0%b8%d1%82%d0%b8%d0%ba%d0%b0-%d0%ba%d0%be%d0%bd%d1%84%d0%b8%d0%b4%d0%b5%d0%bd%d1%86%d0%b8%d0%b0%d0%bb%d1%8c%d0%bd%d0%be%d1%81%d1%82%d0%b8#breadcrumb","itemListElement":[{"@type":"ListItem","position":1,"name":"\u9996\u9875","item":"https:\/\/www.chaoheplastic.com\/"},{"@type":"ListItem","position":2,"name":"\u9690\u79c1\u653f\u7b56"}]},{"@type":"WebSite","@id":"https:\/\/www.chaoheplastic.com\/#website","url":"https:\/\/www.chaoheplastic.com\/","name":"\u5b81\u6ce2\u8d85\u5408\u5851\u6599\u6709\u9650\u516c\u53f8","description":"\u5b81\u6ce2\u8d85\u5408\u5851\u6599\u6709\u9650\u516c\u53f8\u4f01\u4e1a\u5b98\u7f51","publisher":{"@id":"https:\/\/www.chaoheplastic.com\/#organization"},"potentialAction":[{"@type":"SearchAction","target":{"@type":"EntryPoint","urlTemplate":"https:\/\/www.chaoheplastic.com\/?s={search_term_string}"},"query-input":{"@type":"PropertyValueSpecification","valueRequired":true,"valueName":"search_term_string"}}],"inLanguage":"fr-FR"},{"@type":"Organization","@id":"https:\/\/www.chaoheplastic.com\/#organization","name":"\u5b81\u6ce2\u8d85\u5408\u5851\u6599\u6709\u9650\u516c\u53f8","url":"https:\/\/www.chaoheplastic.com\/","logo":{"@type":"ImageObject","inLanguage":"fr-FR","@id":"https:\/\/www.chaoheplastic.com\/#\/schema\/logo\/image\/","url":"\/wp-content\/uploads\/2025\/06\/a028c7592e2e591b297bbd1505f7c62d.png","contentUrl":"\/wp-content\/uploads\/2025\/06\/a028c7592e2e591b297bbd1505f7c62d.png","width":350,"height":77,"caption":"\u5b81\u6ce2\u8d85\u5408\u5851\u6599\u6709\u9650\u516c\u53f8"},"image":{"@id":"https:\/\/www.chaoheplastic.com\/#\/schema\/logo\/image\/"}}]}},"jetpack_sharing_enabled":true,"_links":{"self":[{"href":"https:\/\/www.chaoheplastic.com\/fr\/wp-json\/wp\/v2\/pages\/3","targetHints":{"allow":["GET"]}}],"collection":[{"href":"https:\/\/www.chaoheplastic.com\/fr\/wp-json\/wp\/v2\/pages"}],"about":[{"href":"https:\/\/www.chaoheplastic.com\/fr\/wp-json\/wp\/v2\/types\/page"}],"author":[{"embeddable":true,"href":"https:\/\/www.chaoheplastic.com\/fr\/wp-json\/wp\/v2\/users\/1"}],"replies":[{"embeddable":true,"href":"https:\/\/www.chaoheplastic.com\/fr\/wp-json\/wp\/v2\/comments?post=3"}],"version-history":[{"count":3,"href":"https:\/\/www.chaoheplastic.com\/fr\/wp-json\/wp\/v2\/pages\/3\/revisions"}],"predecessor-version":[{"id":380,"href":"https:\/\/www.chaoheplastic.com\/fr\/wp-json\/wp\/v2\/pages\/3\/revisions\/380"}],"wp:attachment":[{"href":"https:\/\/www.chaoheplastic.com\/fr\/wp-json\/wp\/v2\/media?parent=3"}],"curies":[{"name":"wp","href":"https:\/\/api.w.org\/{rel}","templated":true}]}}