{"id":381,"date":"2025-07-15T14:37:37","date_gmt":"2025-07-15T06:37:37","guid":{"rendered":"https:\/\/new.nblhplastic.com\/?page_id=381"},"modified":"2025-07-15T14:38:28","modified_gmt":"2025-07-15T06:38:28","slug":"servicio-a-plazo","status":"publish","type":"page","link":"https:\/\/www.chaoheplastic.com\/es\/servicio-a-plazo","title":{"rendered":"condiciones del servicio"},"content":{"rendered":"<h1 class=\"ace-line heading-h1\" dir=\"auto\" style=\"text-align: center;\" data-node=\"true\"><strong><span class=\"lb\">Las condiciones de servicio del sitio web oficial de la empresa explican<\/span>\u200b<\/strong><\/h1>\n<div class=\"ace-line\" dir=\"auto\" data-node=\"true\"><span data-leaf=\"true\"><span class=\"lb\">Bienvenido a la p\u00e1gina web oficial de Ningbo Chaohe Plastic Co., Ltd (en adelante, \"esta p\u00e1gina web\"). Antes de utilizar este sitio web, lea atentamente los siguientes t\u00e9rminos y condiciones, y su comportamiento de acceso y uso se considerar\u00e1 como la aceptaci\u00f3n de todo el contenido de estos t\u00e9rminos y condiciones.<\/span><\/span><\/div>\n<div class=\"ace-line\" dir=\"auto\" data-node=\"true\"><span data-string=\"true\" data-enter=\"true\" data-leaf=\"true\">\u200b<\/span><\/div>\n<div class=\"ace-line heading-h2\" dir=\"auto\" data-node=\"true\"><strong><span class=\"lb\">Contenido del servicio y normas de uso<\/span>\u200b<\/strong><\/div>\n<div class=\"ace-line\" dir=\"auto\" data-node=\"true\"><span data-leaf=\"true\"><span class=\"lb\">Este sitio web ofrece informaci\u00f3n sobre empresas, presentaci\u00f3n de productos, informaci\u00f3n de contacto y otros servicios. Los usuarios pueden navegar por la informaci\u00f3n y enviar consultas, pero no podr\u00e1n cometer los siguientes actos: recopilar contenidos del sitio web sin permiso; difundir informaci\u00f3n ilegal y falsa; interferir en el funcionamiento normal del sitio web; y utilizar el servicio en nombre de terceros.<\/span><\/span><\/div>\n<div class=\"ace-line\" dir=\"auto\" data-node=\"true\"><span data-string=\"true\" data-enter=\"true\" data-leaf=\"true\">\u200b<\/span><\/div>\n<div class=\"ace-line heading-h2\" dir=\"auto\" data-node=\"true\"><strong><span class=\"lb\">Declaraci\u00f3n de derechos de propiedad intelectual<\/span>\u200b<\/strong><\/div>\n<div class=\"ace-line\" dir=\"auto\" data-node=\"true\"><span data-leaf=\"true\"><span class=\"lb\">Todos los contenidos de este sitio web (incluidos textos, im\u00e1genes, marcas, etc.) son propiedad de la Empresa y est\u00e1n protegidos por la ley. Queda prohibida cualquier forma de reproducci\u00f3n, distribuci\u00f3n o uso comercial sin autorizaci\u00f3n por escrito.<\/span><\/span><\/div>\n<div class=\"ace-line\" dir=\"auto\" data-node=\"true\"><span data-string=\"true\" data-enter=\"true\" data-leaf=\"true\">\u200b<\/span><\/div>\n<div class=\"ace-line heading-h2\" dir=\"auto\" data-node=\"true\"><strong><span class=\"lb\">descargo de responsabilidad<\/span>\u200b<\/strong><\/div>\n<div class=\"ace-line\" dir=\"auto\" data-node=\"true\"><span data-leaf=\"true\"><span class=\"lb\">Nos esforzamos por garantizar la exactitud de la informaci\u00f3n contenida en este sitio web, pero no ofrecemos ninguna garant\u00eda absoluta en cuanto a la disponibilidad en tiempo real o la exhaustividad del contenido. No nos hacemos responsables de ninguna p\u00e9rdida causada por el uso de la informaci\u00f3n de este sitio web. El contenido vinculado a sitios web de terceros corre por cuenta y riesgo del usuario.<\/span><\/span><\/div>\n<div class=\"ace-line\" dir=\"auto\" data-node=\"true\"><span data-string=\"true\" data-enter=\"true\" data-leaf=\"true\">\u200b<\/span><\/div>\n<div class=\"ace-line heading-h2\" dir=\"auto\" data-node=\"true\"><strong><span class=\"lb\">Modificaci\u00f3n y rescisi\u00f3n de las condiciones<\/span>\u200b<\/strong><\/div>\n<div class=\"ace-line\" dir=\"auto\" data-node=\"true\"><span data-leaf=\"true\"><span class=\"lb\">La Empresa se reserva el derecho a modificar los t\u00e9rminos y condiciones en cualquier momento, y la modificaci\u00f3n se anunciar\u00e1 en el sitio web. Si el usuario no est\u00e1 de acuerdo con la modificaci\u00f3n, deber\u00e1 dejar de utilizar el sitio web inmediatamente. La Empresa podr\u00e1 poner fin a parte o a la totalidad de los servicios en cualquier momento en funci\u00f3n de las necesidades operativas, sin incurrir en responsabilidad alguna.<\/span><\/span><\/div>\n<div class=\"ace-line\" dir=\"auto\" data-node=\"true\"><span data-string=\"true\" data-enter=\"true\" data-leaf=\"true\">\u200b<\/span><\/div>\n<div class=\"ace-line heading-h2\" dir=\"auto\" data-node=\"true\"><strong><span class=\"lb\">Resoluci\u00f3n de litigios<\/span>\u200b<\/strong><\/div>\n<div class=\"ace-line\" dir=\"auto\" data-node=\"true\"><span data-leaf=\"true\"><span class=\"lb\">Los litigios derivados de las presentes condiciones se resolver\u00e1n mediante negociaciones amistosas entre las dos partes; si las negociaciones fracasan, el litigio se someter\u00e1 al tribunal competente del lugar donde se encuentre la empresa.<\/span><\/span><span data-string=\"true\" data-enter=\"true\" data-leaf=\"true\">\u200b<\/span><\/div>\n<div class=\"ace-line\" dir=\"auto\" data-node=\"true\"><span data-leaf=\"true\"><span class=\"lb\">Si tiene alguna pregunta, p\u00f3ngase en contacto con: +86-574-88303209.<\/span><\/span><span data-string=\"true\" data-enter=\"true\" data-leaf=\"true\">\u200b<\/span><\/div>","protected":false},"excerpt":{"rendered":"<p>Sitio web oficial de la empresa Condiciones del servicio Descripci\u00f3n Bienvenido al sitio web oficial de Ningbo Chaohe Plastics Co. Ltd. Antes de utilizar este sitio web, lea atentamente las siguientes [...]<\/p>","protected":false},"author":1,"featured_media":0,"parent":0,"menu_order":0,"comment_status":"closed","ping_status":"closed","template":"single_ystk.php","meta":{"footnotes":""},"class_list":["post-381","page","type-page","status-publish","hentry"],"yoast_head":"<!-- This site is optimized with the Yoast SEO plugin v25.4 - https:\/\/yoast.com\/wordpress\/plugins\/seo\/ -->\n<title>\u670d\u52a1\u6761\u6b3e - \u5b81\u6ce2\u8d85\u5408\u5851\u6599\u6709\u9650\u516c\u53f8<\/title>\n<meta name=\"robots\" content=\"index, follow, max-snippet:-1, max-image-preview:large, max-video-preview:-1\" \/>\n<link rel=\"canonical\" href=\"https:\/\/www.linheplastic.com\/de\/termindienst\" \/>\n<meta property=\"og:locale\" content=\"es_ES\" \/>\n<meta property=\"og:type\" content=\"article\" \/>\n<meta property=\"og:title\" content=\"\u670d\u52a1\u6761\u6b3e - \u5b81\u6ce2\u8d85\u5408\u5851\u6599\u6709\u9650\u516c\u53f8\" \/>\n<meta property=\"og:description\" content=\"\u4f01\u4e1a\u5b98\u7f51\u670d\u52a1\u6761\u6b3e\u8bf4\u660e\u200b \u6b22\u8fce\u4f7f\u7528\u5b81\u6ce2\u8d85\u5408\u5851\u6599\u6709\u9650\u516c\u53f8\u5b98\u7f51\uff08\u4ee5\u4e0b\u7b80\u79f0 \u201c\u672c\u7f51\u7ad9\u201d\uff09\u3002\u4f7f\u7528\u672c\u7f51\u7ad9\u524d\uff0c\u8bf7\u4ed4\u7ec6\u9605\u8bfb\u4ee5\u4e0b [&hellip;]\" \/>\n<meta property=\"og:url\" content=\"https:\/\/www.linheplastic.com\/de\/termindienst\" \/>\n<meta property=\"og:site_name\" content=\"\u5b81\u6ce2\u8d85\u5408\u5851\u6599\u6709\u9650\u516c\u53f8\" \/>\n<meta property=\"article:modified_time\" content=\"2025-07-15T06:38:28+00:00\" \/>\n<meta name=\"twitter:card\" content=\"summary_large_image\" \/>\n<meta name=\"twitter:label1\" content=\"Tiempo de lectura\" \/>\n\t<meta name=\"twitter:data1\" content=\"1 minuto\" \/>\n<script type=\"application\/ld+json\" class=\"yoast-schema-graph\">{\"@context\":\"https:\/\/schema.org\",\"@graph\":[{\"@type\":\"WebPage\",\"@id\":\"https:\/\/www.linheplastic.com\/de\/termindienst\",\"url\":\"https:\/\/www.linheplastic.com\/de\/termindienst\",\"name\":\"\u670d\u52a1\u6761\u6b3e - \u5b81\u6ce2\u8d85\u5408\u5851\u6599\u6709\u9650\u516c\u53f8\",\"isPartOf\":{\"@id\":\"https:\/\/www.chaoheplastic.com\/#website\"},\"datePublished\":\"2025-07-15T06:37:37+00:00\",\"dateModified\":\"2025-07-15T06:38:28+00:00\",\"breadcrumb\":{\"@id\":\"https:\/\/www.linheplastic.com\/de\/termindienst#breadcrumb\"},\"inLanguage\":\"es\",\"potentialAction\":[{\"@type\":\"ReadAction\",\"target\":[\"https:\/\/www.linheplastic.com\/de\/termindienst\"]}]},{\"@type\":\"BreadcrumbList\",\"@id\":\"https:\/\/www.linheplastic.com\/de\/termindienst#breadcrumb\",\"itemListElement\":[{\"@type\":\"ListItem\",\"position\":1,\"name\":\"\u9996\u9875\",\"item\":\"https:\/\/www.chaoheplastic.com\/\"},{\"@type\":\"ListItem\",\"position\":2,\"name\":\"\u670d\u52a1\u6761\u6b3e\"}]},{\"@type\":\"WebSite\",\"@id\":\"https:\/\/www.chaoheplastic.com\/#website\",\"url\":\"https:\/\/www.chaoheplastic.com\/\",\"name\":\"\u5b81\u6ce2\u8d85\u5408\u5851\u6599\u6709\u9650\u516c\u53f8\",\"description\":\"\u5b81\u6ce2\u8d85\u5408\u5851\u6599\u6709\u9650\u516c\u53f8\u4f01\u4e1a\u5b98\u7f51\",\"publisher\":{\"@id\":\"https:\/\/www.chaoheplastic.com\/#organization\"},\"potentialAction\":[{\"@type\":\"SearchAction\",\"target\":{\"@type\":\"EntryPoint\",\"urlTemplate\":\"https:\/\/www.chaoheplastic.com\/?s={search_term_string}\"},\"query-input\":{\"@type\":\"PropertyValueSpecification\",\"valueRequired\":true,\"valueName\":\"search_term_string\"}}],\"inLanguage\":\"es\"},{\"@type\":\"Organization\",\"@id\":\"https:\/\/www.chaoheplastic.com\/#organization\",\"name\":\"\u5b81\u6ce2\u8d85\u5408\u5851\u6599\u6709\u9650\u516c\u53f8\",\"url\":\"https:\/\/www.chaoheplastic.com\/\",\"logo\":{\"@type\":\"ImageObject\",\"inLanguage\":\"es\",\"@id\":\"https:\/\/www.chaoheplastic.com\/#\/schema\/logo\/image\/\",\"url\":\"\/wp-content\/uploads\/2025\/06\/a028c7592e2e591b297bbd1505f7c62d.png\",\"contentUrl\":\"\/wp-content\/uploads\/2025\/06\/a028c7592e2e591b297bbd1505f7c62d.png\",\"width\":350,\"height\":77,\"caption\":\"\u5b81\u6ce2\u8d85\u5408\u5851\u6599\u6709\u9650\u516c\u53f8\"},\"image\":{\"@id\":\"https:\/\/www.chaoheplastic.com\/#\/schema\/logo\/image\/\"}}]}<\/script>\n<!-- \/ Yoast SEO plugin. -->","yoast_head_json":{"title":"\u670d\u52a1\u6761\u6b3e - \u5b81\u6ce2\u8d85\u5408\u5851\u6599\u6709\u9650\u516c\u53f8","robots":{"index":"index","follow":"follow","max-snippet":"max-snippet:-1","max-image-preview":"max-image-preview:large","max-video-preview":"max-video-preview:-1"},"canonical":"https:\/\/www.linheplastic.com\/de\/termindienst","og_locale":"es_ES","og_type":"article","og_title":"\u670d\u52a1\u6761\u6b3e - \u5b81\u6ce2\u8d85\u5408\u5851\u6599\u6709\u9650\u516c\u53f8","og_description":"\u4f01\u4e1a\u5b98\u7f51\u670d\u52a1\u6761\u6b3e\u8bf4\u660e\u200b \u6b22\u8fce\u4f7f\u7528\u5b81\u6ce2\u8d85\u5408\u5851\u6599\u6709\u9650\u516c\u53f8\u5b98\u7f51\uff08\u4ee5\u4e0b\u7b80\u79f0 \u201c\u672c\u7f51\u7ad9\u201d\uff09\u3002\u4f7f\u7528\u672c\u7f51\u7ad9\u524d\uff0c\u8bf7\u4ed4\u7ec6\u9605\u8bfb\u4ee5\u4e0b [&hellip;]","og_url":"https:\/\/www.linheplastic.com\/de\/termindienst","og_site_name":"\u5b81\u6ce2\u8d85\u5408\u5851\u6599\u6709\u9650\u516c\u53f8","article_modified_time":"2025-07-15T06:38:28+00:00","twitter_card":"summary_large_image","twitter_misc":{"Tiempo de lectura":"1 minuto"},"schema":{"@context":"https:\/\/schema.org","@graph":[{"@type":"WebPage","@id":"https:\/\/www.linheplastic.com\/de\/termindienst","url":"https:\/\/www.linheplastic.com\/de\/termindienst","name":"\u670d\u52a1\u6761\u6b3e - \u5b81\u6ce2\u8d85\u5408\u5851\u6599\u6709\u9650\u516c\u53f8","isPartOf":{"@id":"https:\/\/www.chaoheplastic.com\/#website"},"datePublished":"2025-07-15T06:37:37+00:00","dateModified":"2025-07-15T06:38:28+00:00","breadcrumb":{"@id":"https:\/\/www.linheplastic.com\/de\/termindienst#breadcrumb"},"inLanguage":"es","potentialAction":[{"@type":"ReadAction","target":["https:\/\/www.linheplastic.com\/de\/termindienst"]}]},{"@type":"BreadcrumbList","@id":"https:\/\/www.linheplastic.com\/de\/termindienst#breadcrumb","itemListElement":[{"@type":"ListItem","position":1,"name":"\u9996\u9875","item":"https:\/\/www.chaoheplastic.com\/"},{"@type":"ListItem","position":2,"name":"\u670d\u52a1\u6761\u6b3e"}]},{"@type":"WebSite","@id":"https:\/\/www.chaoheplastic.com\/#website","url":"https:\/\/www.chaoheplastic.com\/","name":"\u5b81\u6ce2\u8d85\u5408\u5851\u6599\u6709\u9650\u516c\u53f8","description":"\u5b81\u6ce2\u8d85\u5408\u5851\u6599\u6709\u9650\u516c\u53f8\u4f01\u4e1a\u5b98\u7f51","publisher":{"@id":"https:\/\/www.chaoheplastic.com\/#organization"},"potentialAction":[{"@type":"SearchAction","target":{"@type":"EntryPoint","urlTemplate":"https:\/\/www.chaoheplastic.com\/?s={search_term_string}"},"query-input":{"@type":"PropertyValueSpecification","valueRequired":true,"valueName":"search_term_string"}}],"inLanguage":"es"},{"@type":"Organization","@id":"https:\/\/www.chaoheplastic.com\/#organization","name":"\u5b81\u6ce2\u8d85\u5408\u5851\u6599\u6709\u9650\u516c\u53f8","url":"https:\/\/www.chaoheplastic.com\/","logo":{"@type":"ImageObject","inLanguage":"es","@id":"https:\/\/www.chaoheplastic.com\/#\/schema\/logo\/image\/","url":"\/wp-content\/uploads\/2025\/06\/a028c7592e2e591b297bbd1505f7c62d.png","contentUrl":"\/wp-content\/uploads\/2025\/06\/a028c7592e2e591b297bbd1505f7c62d.png","width":350,"height":77,"caption":"\u5b81\u6ce2\u8d85\u5408\u5851\u6599\u6709\u9650\u516c\u53f8"},"image":{"@id":"https:\/\/www.chaoheplastic.com\/#\/schema\/logo\/image\/"}}]}},"jetpack_sharing_enabled":true,"_links":{"self":[{"href":"https:\/\/www.chaoheplastic.com\/es\/wp-json\/wp\/v2\/pages\/381","targetHints":{"allow":["GET"]}}],"collection":[{"href":"https:\/\/www.chaoheplastic.com\/es\/wp-json\/wp\/v2\/pages"}],"about":[{"href":"https:\/\/www.chaoheplastic.com\/es\/wp-json\/wp\/v2\/types\/page"}],"author":[{"embeddable":true,"href":"https:\/\/www.chaoheplastic.com\/es\/wp-json\/wp\/v2\/users\/1"}],"replies":[{"embeddable":true,"href":"https:\/\/www.chaoheplastic.com\/es\/wp-json\/wp\/v2\/comments?post=381"}],"version-history":[{"count":1,"href":"https:\/\/www.chaoheplastic.com\/es\/wp-json\/wp\/v2\/pages\/381\/revisions"}],"predecessor-version":[{"id":382,"href":"https:\/\/www.chaoheplastic.com\/es\/wp-json\/wp\/v2\/pages\/381\/revisions\/382"}],"wp:attachment":[{"href":"https:\/\/www.chaoheplastic.com\/es\/wp-json\/wp\/v2\/media?parent=381"}],"curies":[{"name":"wp","href":"https:\/\/api.w.org\/{rel}","templated":true}]}}