{"id":381,"date":"2025-07-15T14:37:37","date_gmt":"2025-07-15T06:37:37","guid":{"rendered":"https:\/\/new.nblhplastic.com\/?page_id=381"},"modified":"2025-07-15T14:38:28","modified_gmt":"2025-07-15T06:38:28","slug":"termindienst","status":"publish","type":"page","link":"https:\/\/www.chaoheplastic.com\/de\/termindienst","title":{"rendered":"Servicebedingungen"},"content":{"rendered":"<h1 class=\"ace-line heading-h1\" dir=\"auto\" style=\"text-align: center;\" data-node=\"true\"><strong><span class=\"lb\">Die Nutzungsbedingungen der offiziellen Website des Unternehmens erkl\u00e4ren<\/span>\u200b<\/strong><\/h1>\n<div class=\"ace-line\" dir=\"auto\" data-node=\"true\"><span data-leaf=\"true\"><span class=\"lb\">Willkommen auf der offiziellen Website von Ningbo Chaohe Plastic Co., Ltd (im Folgenden als \"diese Website\" bezeichnet). Bevor Sie diese Website nutzen, lesen Sie bitte die folgenden Bedingungen sorgf\u00e4ltig durch. Mit Ihrem Zugriff und Ihrem Nutzungsverhalten erkl\u00e4ren Sie sich mit dem gesamten Inhalt dieser Bedingungen und Konditionen einverstanden.<\/span><\/span><\/div>\n<div class=\"ace-line\" dir=\"auto\" data-node=\"true\"><span data-string=\"true\" data-enter=\"true\" data-leaf=\"true\">\u200b<\/span><\/div>\n<div class=\"ace-line heading-h2\" dir=\"auto\" data-node=\"true\"><strong><span class=\"lb\">Inhalt des Dienstes und Regeln f\u00fcr die Nutzung<\/span>\u200b<\/strong><\/div>\n<div class=\"ace-line\" dir=\"auto\" data-node=\"true\"><span data-leaf=\"true\"><span class=\"lb\">Diese Website bietet Unternehmensinformationen, Produkteinf\u00fchrungen, Kontaktinformationen und andere Dienste. Die Benutzer k\u00f6nnen die Informationen durchsuchen und Anfragen stellen, d\u00fcrfen jedoch folgende Handlungen nicht begehen: das Sammeln von Website-Inhalten ohne Erlaubnis, die Verbreitung von illegalen und falschen Informationen, die St\u00f6rung des normalen Betriebs der Website und die Nutzung des Dienstes im Namen anderer.<\/span><\/span><\/div>\n<div class=\"ace-line\" dir=\"auto\" data-node=\"true\"><span data-string=\"true\" data-enter=\"true\" data-leaf=\"true\">\u200b<\/span><\/div>\n<div class=\"ace-line heading-h2\" dir=\"auto\" data-node=\"true\"><strong><span class=\"lb\">Erkl\u00e4rung zum geistigen Eigentum<\/span>\u200b<\/strong><\/div>\n<div class=\"ace-line\" dir=\"auto\" data-node=\"true\"><span data-leaf=\"true\"><span class=\"lb\">Alle Inhalte dieser Website (einschlie\u00dflich Texte, Bilder, Marken usw.) sind Eigentum des Unternehmens und gesetzlich gesch\u00fctzt. Jede Form der Vervielf\u00e4ltigung, Verbreitung oder kommerziellen Nutzung ist ohne schriftliche Genehmigung verboten.<\/span><\/span><\/div>\n<div class=\"ace-line\" dir=\"auto\" data-node=\"true\"><span data-string=\"true\" data-enter=\"true\" data-leaf=\"true\">\u200b<\/span><\/div>\n<div class=\"ace-line heading-h2\" dir=\"auto\" data-node=\"true\"><strong><span class=\"lb\">Haftungsausschluss<\/span>\u200b<\/strong><\/div>\n<div class=\"ace-line\" dir=\"auto\" data-node=\"true\"><span data-leaf=\"true\"><span class=\"lb\">Wir bem\u00fchen uns um die Richtigkeit der Informationen auf dieser Website, geben jedoch keine absolute Garantie f\u00fcr die Echtzeitverf\u00fcgbarkeit oder Vollst\u00e4ndigkeit der Inhalte. Wir sind nicht verantwortlich f\u00fcr Verluste, die durch die Nutzung der Informationen auf dieser Website entstehen. Die Nutzung von Inhalten, die mit Websites Dritter verlinkt sind, erfolgt auf eigenes Risiko des Nutzers.<\/span><\/span><\/div>\n<div class=\"ace-line\" dir=\"auto\" data-node=\"true\"><span data-string=\"true\" data-enter=\"true\" data-leaf=\"true\">\u200b<\/span><\/div>\n<div class=\"ace-line heading-h2\" dir=\"auto\" data-node=\"true\"><strong><span class=\"lb\">Modifizierung und Beendigung der Bedingungen<\/span>\u200b<\/strong><\/div>\n<div class=\"ace-line\" dir=\"auto\" data-node=\"true\"><span data-leaf=\"true\"><span class=\"lb\">Das Unternehmen beh\u00e4lt sich das Recht vor, die Bedingungen jederzeit zu \u00e4ndern. Die \u00c4nderung wird auf der Website bekannt gegeben. Wenn der Nutzer mit der \u00c4nderung nicht einverstanden ist, sollte er die Nutzung der Website sofort einstellen. Das Unternehmen kann jederzeit einen Teil oder die Gesamtheit der Dienste entsprechend den betrieblichen Erfordernissen einstellen, ohne daf\u00fcr zu haften.<\/span><\/span><\/div>\n<div class=\"ace-line\" dir=\"auto\" data-node=\"true\"><span data-string=\"true\" data-enter=\"true\" data-leaf=\"true\">\u200b<\/span><\/div>\n<div class=\"ace-line heading-h2\" dir=\"auto\" data-node=\"true\"><strong><span class=\"lb\">Streitschlichtung<\/span>\u200b<\/strong><\/div>\n<div class=\"ace-line\" dir=\"auto\" data-node=\"true\"><span data-leaf=\"true\"><span class=\"lb\">Streitigkeiten, die sich aus diesen Bedingungen ergeben, werden durch g\u00fctliche Verhandlungen zwischen den beiden Parteien beigelegt. Scheitern die Verhandlungen, wird der Streitfall dem zust\u00e4ndigen Gericht am Sitz des Unternehmens vorgelegt.<\/span><\/span><span data-string=\"true\" data-enter=\"true\" data-leaf=\"true\">\u200b<\/span><\/div>\n<div class=\"ace-line\" dir=\"auto\" data-node=\"true\"><span data-leaf=\"true\"><span class=\"lb\">Wenn Sie Fragen haben, wenden Sie sich bitte an: +86-574-88303209.<\/span><\/span><span data-string=\"true\" data-enter=\"true\" data-leaf=\"true\">\u200b<\/span><\/div>","protected":false},"excerpt":{"rendered":"<p>\u4f01\u4e1a\u5b98\u7f51\u670d\u52a1\u6761\u6b3e\u8bf4\u660e\u200b \u6b22\u8fce\u4f7f\u7528\u5b81\u6ce2\u8d85\u5408\u5851\u6599\u6709\u9650\u516c\u53f8\u5b98\u7f51\uff08\u4ee5\u4e0b\u7b80\u79f0 \u201c\u672c\u7f51\u7ad9\u201d\uff09\u3002\u4f7f\u7528\u672c\u7f51\u7ad9\u524d\uff0c\u8bf7\u4ed4\u7ec6\u9605\u8bfb\u4ee5\u4e0b [&hellip;]<\/p>","protected":false},"author":1,"featured_media":0,"parent":0,"menu_order":0,"comment_status":"closed","ping_status":"closed","template":"single_ystk.php","meta":{"footnotes":""},"class_list":["post-381","page","type-page","status-publish","hentry"],"yoast_head":"<!-- This site is optimized with the Yoast SEO plugin v25.4 - https:\/\/yoast.com\/wordpress\/plugins\/seo\/ -->\n<title>\u670d\u52a1\u6761\u6b3e - \u5b81\u6ce2\u8d85\u5408\u5851\u6599\u6709\u9650\u516c\u53f8<\/title>\n<meta name=\"robots\" content=\"index, follow, max-snippet:-1, max-image-preview:large, max-video-preview:-1\" \/>\n<link rel=\"canonical\" href=\"https:\/\/www.linheplastic.com\/de\/termindienst\" \/>\n<meta property=\"og:locale\" content=\"de_DE\" \/>\n<meta property=\"og:type\" content=\"article\" \/>\n<meta property=\"og:title\" content=\"\u670d\u52a1\u6761\u6b3e - \u5b81\u6ce2\u8d85\u5408\u5851\u6599\u6709\u9650\u516c\u53f8\" \/>\n<meta property=\"og:description\" content=\"\u4f01\u4e1a\u5b98\u7f51\u670d\u52a1\u6761\u6b3e\u8bf4\u660e\u200b \u6b22\u8fce\u4f7f\u7528\u5b81\u6ce2\u8d85\u5408\u5851\u6599\u6709\u9650\u516c\u53f8\u5b98\u7f51\uff08\u4ee5\u4e0b\u7b80\u79f0 \u201c\u672c\u7f51\u7ad9\u201d\uff09\u3002\u4f7f\u7528\u672c\u7f51\u7ad9\u524d\uff0c\u8bf7\u4ed4\u7ec6\u9605\u8bfb\u4ee5\u4e0b [&hellip;]\" \/>\n<meta property=\"og:url\" content=\"https:\/\/www.linheplastic.com\/de\/termindienst\" \/>\n<meta property=\"og:site_name\" content=\"\u5b81\u6ce2\u8d85\u5408\u5851\u6599\u6709\u9650\u516c\u53f8\" \/>\n<meta property=\"article:modified_time\" content=\"2025-07-15T06:38:28+00:00\" \/>\n<meta name=\"twitter:card\" content=\"summary_large_image\" \/>\n<meta name=\"twitter:label1\" content=\"Gesch\u00e4tzte Lesezeit\" \/>\n\t<meta name=\"twitter:data1\" content=\"1\u00a0Minute\" \/>\n<script type=\"application\/ld+json\" class=\"yoast-schema-graph\">{\"@context\":\"https:\/\/schema.org\",\"@graph\":[{\"@type\":\"WebPage\",\"@id\":\"https:\/\/www.linheplastic.com\/de\/termindienst\",\"url\":\"https:\/\/www.linheplastic.com\/de\/termindienst\",\"name\":\"\u670d\u52a1\u6761\u6b3e - \u5b81\u6ce2\u8d85\u5408\u5851\u6599\u6709\u9650\u516c\u53f8\",\"isPartOf\":{\"@id\":\"https:\/\/www.chaoheplastic.com\/#website\"},\"datePublished\":\"2025-07-15T06:37:37+00:00\",\"dateModified\":\"2025-07-15T06:38:28+00:00\",\"breadcrumb\":{\"@id\":\"https:\/\/www.linheplastic.com\/de\/termindienst#breadcrumb\"},\"inLanguage\":\"de\",\"potentialAction\":[{\"@type\":\"ReadAction\",\"target\":[\"https:\/\/www.linheplastic.com\/de\/termindienst\"]}]},{\"@type\":\"BreadcrumbList\",\"@id\":\"https:\/\/www.linheplastic.com\/de\/termindienst#breadcrumb\",\"itemListElement\":[{\"@type\":\"ListItem\",\"position\":1,\"name\":\"\u9996\u9875\",\"item\":\"https:\/\/www.chaoheplastic.com\/\"},{\"@type\":\"ListItem\",\"position\":2,\"name\":\"\u670d\u52a1\u6761\u6b3e\"}]},{\"@type\":\"WebSite\",\"@id\":\"https:\/\/www.chaoheplastic.com\/#website\",\"url\":\"https:\/\/www.chaoheplastic.com\/\",\"name\":\"\u5b81\u6ce2\u8d85\u5408\u5851\u6599\u6709\u9650\u516c\u53f8\",\"description\":\"\u5b81\u6ce2\u8d85\u5408\u5851\u6599\u6709\u9650\u516c\u53f8\u4f01\u4e1a\u5b98\u7f51\",\"publisher\":{\"@id\":\"https:\/\/www.chaoheplastic.com\/#organization\"},\"potentialAction\":[{\"@type\":\"SearchAction\",\"target\":{\"@type\":\"EntryPoint\",\"urlTemplate\":\"https:\/\/www.chaoheplastic.com\/?s={search_term_string}\"},\"query-input\":{\"@type\":\"PropertyValueSpecification\",\"valueRequired\":true,\"valueName\":\"search_term_string\"}}],\"inLanguage\":\"de\"},{\"@type\":\"Organization\",\"@id\":\"https:\/\/www.chaoheplastic.com\/#organization\",\"name\":\"\u5b81\u6ce2\u8d85\u5408\u5851\u6599\u6709\u9650\u516c\u53f8\",\"url\":\"https:\/\/www.chaoheplastic.com\/\",\"logo\":{\"@type\":\"ImageObject\",\"inLanguage\":\"de\",\"@id\":\"https:\/\/www.chaoheplastic.com\/#\/schema\/logo\/image\/\",\"url\":\"\/wp-content\/uploads\/2025\/06\/a028c7592e2e591b297bbd1505f7c62d.png\",\"contentUrl\":\"\/wp-content\/uploads\/2025\/06\/a028c7592e2e591b297bbd1505f7c62d.png\",\"width\":350,\"height\":77,\"caption\":\"\u5b81\u6ce2\u8d85\u5408\u5851\u6599\u6709\u9650\u516c\u53f8\"},\"image\":{\"@id\":\"https:\/\/www.chaoheplastic.com\/#\/schema\/logo\/image\/\"}}]}<\/script>\n<!-- \/ Yoast SEO plugin. -->","yoast_head_json":{"title":"\u670d\u52a1\u6761\u6b3e - \u5b81\u6ce2\u8d85\u5408\u5851\u6599\u6709\u9650\u516c\u53f8","robots":{"index":"index","follow":"follow","max-snippet":"max-snippet:-1","max-image-preview":"max-image-preview:large","max-video-preview":"max-video-preview:-1"},"canonical":"https:\/\/www.linheplastic.com\/de\/termindienst","og_locale":"de_DE","og_type":"article","og_title":"\u670d\u52a1\u6761\u6b3e - \u5b81\u6ce2\u8d85\u5408\u5851\u6599\u6709\u9650\u516c\u53f8","og_description":"\u4f01\u4e1a\u5b98\u7f51\u670d\u52a1\u6761\u6b3e\u8bf4\u660e\u200b \u6b22\u8fce\u4f7f\u7528\u5b81\u6ce2\u8d85\u5408\u5851\u6599\u6709\u9650\u516c\u53f8\u5b98\u7f51\uff08\u4ee5\u4e0b\u7b80\u79f0 \u201c\u672c\u7f51\u7ad9\u201d\uff09\u3002\u4f7f\u7528\u672c\u7f51\u7ad9\u524d\uff0c\u8bf7\u4ed4\u7ec6\u9605\u8bfb\u4ee5\u4e0b [&hellip;]","og_url":"https:\/\/www.linheplastic.com\/de\/termindienst","og_site_name":"\u5b81\u6ce2\u8d85\u5408\u5851\u6599\u6709\u9650\u516c\u53f8","article_modified_time":"2025-07-15T06:38:28+00:00","twitter_card":"summary_large_image","twitter_misc":{"Gesch\u00e4tzte Lesezeit":"1\u00a0Minute"},"schema":{"@context":"https:\/\/schema.org","@graph":[{"@type":"WebPage","@id":"https:\/\/www.linheplastic.com\/de\/termindienst","url":"https:\/\/www.linheplastic.com\/de\/termindienst","name":"\u670d\u52a1\u6761\u6b3e - \u5b81\u6ce2\u8d85\u5408\u5851\u6599\u6709\u9650\u516c\u53f8","isPartOf":{"@id":"https:\/\/www.chaoheplastic.com\/#website"},"datePublished":"2025-07-15T06:37:37+00:00","dateModified":"2025-07-15T06:38:28+00:00","breadcrumb":{"@id":"https:\/\/www.linheplastic.com\/de\/termindienst#breadcrumb"},"inLanguage":"de","potentialAction":[{"@type":"ReadAction","target":["https:\/\/www.linheplastic.com\/de\/termindienst"]}]},{"@type":"BreadcrumbList","@id":"https:\/\/www.linheplastic.com\/de\/termindienst#breadcrumb","itemListElement":[{"@type":"ListItem","position":1,"name":"\u9996\u9875","item":"https:\/\/www.chaoheplastic.com\/"},{"@type":"ListItem","position":2,"name":"\u670d\u52a1\u6761\u6b3e"}]},{"@type":"WebSite","@id":"https:\/\/www.chaoheplastic.com\/#website","url":"https:\/\/www.chaoheplastic.com\/","name":"\u5b81\u6ce2\u8d85\u5408\u5851\u6599\u6709\u9650\u516c\u53f8","description":"\u5b81\u6ce2\u8d85\u5408\u5851\u6599\u6709\u9650\u516c\u53f8\u4f01\u4e1a\u5b98\u7f51","publisher":{"@id":"https:\/\/www.chaoheplastic.com\/#organization"},"potentialAction":[{"@type":"SearchAction","target":{"@type":"EntryPoint","urlTemplate":"https:\/\/www.chaoheplastic.com\/?s={search_term_string}"},"query-input":{"@type":"PropertyValueSpecification","valueRequired":true,"valueName":"search_term_string"}}],"inLanguage":"de"},{"@type":"Organization","@id":"https:\/\/www.chaoheplastic.com\/#organization","name":"\u5b81\u6ce2\u8d85\u5408\u5851\u6599\u6709\u9650\u516c\u53f8","url":"https:\/\/www.chaoheplastic.com\/","logo":{"@type":"ImageObject","inLanguage":"de","@id":"https:\/\/www.chaoheplastic.com\/#\/schema\/logo\/image\/","url":"\/wp-content\/uploads\/2025\/06\/a028c7592e2e591b297bbd1505f7c62d.png","contentUrl":"\/wp-content\/uploads\/2025\/06\/a028c7592e2e591b297bbd1505f7c62d.png","width":350,"height":77,"caption":"\u5b81\u6ce2\u8d85\u5408\u5851\u6599\u6709\u9650\u516c\u53f8"},"image":{"@id":"https:\/\/www.chaoheplastic.com\/#\/schema\/logo\/image\/"}}]}},"jetpack_sharing_enabled":true,"_links":{"self":[{"href":"https:\/\/www.chaoheplastic.com\/de\/wp-json\/wp\/v2\/pages\/381","targetHints":{"allow":["GET"]}}],"collection":[{"href":"https:\/\/www.chaoheplastic.com\/de\/wp-json\/wp\/v2\/pages"}],"about":[{"href":"https:\/\/www.chaoheplastic.com\/de\/wp-json\/wp\/v2\/types\/page"}],"author":[{"embeddable":true,"href":"https:\/\/www.chaoheplastic.com\/de\/wp-json\/wp\/v2\/users\/1"}],"replies":[{"embeddable":true,"href":"https:\/\/www.chaoheplastic.com\/de\/wp-json\/wp\/v2\/comments?post=381"}],"version-history":[{"count":1,"href":"https:\/\/www.chaoheplastic.com\/de\/wp-json\/wp\/v2\/pages\/381\/revisions"}],"predecessor-version":[{"id":382,"href":"https:\/\/www.chaoheplastic.com\/de\/wp-json\/wp\/v2\/pages\/381\/revisions\/382"}],"wp:attachment":[{"href":"https:\/\/www.chaoheplastic.com\/de\/wp-json\/wp\/v2\/media?parent=381"}],"curies":[{"name":"wp","href":"https:\/\/api.w.org\/{rel}","templated":true}]}}